{"id":76,"date":"2016-08-16T15:33:12","date_gmt":"2016-08-16T15:33:12","guid":{"rendered":"http:\/\/comision20dediciembrede1989.org.pa\/?page_id=76"},"modified":"2025-05-18T22:56:19","modified_gmt":"2025-05-18T22:56:19","slug":"antecedentes","status":"publish","type":"page","link":"https:\/\/comision20dediciembrede1989.org.pa\/index.php\/antecedentes\/","title":{"rendered":"Antecedentes"},"content":{"rendered":"<p style=\"text-align: center;\"><img fetchpriority=\"high\" decoding=\"async\" class=\"size-full wp-image-88 aligncenter\" title=\"\" src=\"http:\/\/comision20dediciembrede1989.org.pa\/wp-content\/uploads\/2016\/08\/wm_Unidos-reconozca-indemnice-enterrados-panamenos_LPRIMA20151220_0153_27.png\" alt=\"wm_Unidos-reconozca-indemnice-enterrados-panamenos_LPRIMA20151220_0153_27\" width=\"667\" height=\"420\" \/><\/p>\n<div id=\"lipsum\"><\/div>\n<div data-olk-copy-source=\"MessageBody\">A partir de un amplio proceso de concertaci\u00f3n liderado por el Ministerio de Relaciones Exteriores que cont\u00f3 con la participaci\u00f3n de diversas organizaciones nacionales que agrupan a las v\u00edctimas y a los familiares y amigos de las v\u00edctimas de la invasi\u00f3n militar de los Estados Unidos de Am\u00e9rica a la Rep\u00fablica de Panam\u00e1 del 20 de diciembre de 1989, el Presidente Juan Carlos Varela, con la participaci\u00f3n de la Vicepresidenta y Ministra de Relaciones Exteriores Isabel Saint Malo de Alvarado, expide el Decreto Ejecutivo 121 de 2016 que crea la Comisi\u00f3n 20 de diciembre de 1989, en adelante la Comisi\u00f3n.\u00a0 En ese momento,\u00a0 integrada por cinco paname\u00f1os: Juan Planells, quien la preside, Maribel Ja\u00e9n, Enrique Illueca, Svetlana Jaramillo y Rolando Murgas.<\/div>\n<div><\/div>\n<div>El Presidente de la Rep\u00fablica Laurentino Cortizo Cohen, a trav\u00e9s del Decreto Ejecutivo N\u00b0 93, del 13 de diciembre de 2022, y en consecuencia al deceso del Ing. Juan Planells Fern\u00e1ndez, Comisionado Presidente, nombra la nueva Comisi\u00f3n que tiene la responsabilidad de llevar las riendas de la Comisi\u00f3n.\u00a0 Ellos son Rolando Murgas Torraza, quien la presidir\u00e1, acompa\u00f1ado de Manuel Orestes Nieto, Luis Navas P\u00e1jaro, Svetlana In\u00e9s Jaramillo Donius, Alma Montenegro de Fletcher y Eusebio Mu\u00f1oz Jim\u00e9nez.<\/div>\n<div><\/div>\n<div>En la actualidad la Comisi\u00f3n 20 de diciembre de 1989, cuenta con un plazo hasta el 27 de enero de 2027, seg\u00fan el Decreto Ejecutivo N\u00b045 de 24 de junio de 2024, para el cumplimiento de las funciones.<\/div>\n","protected":false},"excerpt":{"rendered":"<p>A partir de un amplio proceso de concertaci\u00f3n liderado por el Ministerio de Relaciones Exteriores que cont\u00f3 con la participaci\u00f3n de diversas organizaciones nacionales que agrupan a las v\u00edctimas y a los familiares y amigos de las v\u00edctimas de la invasi\u00f3n militar de los Estados Unidos de Am\u00e9rica a la Rep\u00fablica de Panam\u00e1 del 20 de diciembre de 1989, el Presidente Juan Carlos Varela, con la participaci\u00f3n de la Vicepresidenta y Ministra de Relaciones Exteriores Isabel Saint Malo de Alvarado, expide el Decreto Ejecutivo 121 de 2016 que crea la Comisi\u00f3n 20 de diciembre de 1989, en adelante la Comisi\u00f3n.\u00a0 En ese momento,\u00a0 integrada por cinco paname\u00f1os: Juan Planells, quien la preside, Maribel Ja\u00e9n, Enrique Illueca, Svetlana Jaramillo y Rolando Murgas. El Presidente de la Rep\u00fablica Laurentino Cortizo Cohen, a trav\u00e9s del Decreto Ejecutivo N\u00b0 93, del 13 de diciembre de 2022, y en consecuencia al deceso del Ing. Juan Planells Fern\u00e1ndez, Comisionado Presidente, nombra la nueva Comisi\u00f3n que tiene la responsabilidad de llevar las riendas de la Comisi\u00f3n.\u00a0 Ellos son Rolando Murgas Torraza, quien la presidir\u00e1, acompa\u00f1ado de Manuel Orestes Nieto, Luis Navas P\u00e1jaro, Svetlana In\u00e9s Jaramillo Donius, Alma Montenegro de Fletcher y Eusebio Mu\u00f1oz Jim\u00e9nez. En la actualidad la Comisi\u00f3n 20 de diciembre de 1989, cuenta con un plazo hasta el 27 de enero de 2027, seg\u00fan el Decreto Ejecutivo N\u00b045 de 24 de junio de 2024, para el cumplimiento de las funciones.<\/p>\n","protected":false},"author":7,"featured_media":0,"parent":0,"menu_order":0,"comment_status":"closed","ping_status":"closed","template":"","meta":{"footnotes":""},"class_list":["post-76","page","type-page","status-publish","hentry"],"yoast_head":"<!-- This site is optimized with the Yoast SEO plugin v27.3 - https:\/\/yoast.com\/product\/yoast-seo-wordpress\/ -->\n<title>Antecedentes<\/title>\n<meta name=\"robots\" content=\"index, follow, max-snippet:-1, max-image-preview:large, max-video-preview:-1\" \/>\n<link rel=\"canonical\" href=\"https:\/\/comision20dediciembrede1989.org.pa\/index.php\/antecedentes\/\" \/>\n<meta property=\"og:locale\" content=\"es_ES\" \/>\n<meta property=\"og:type\" content=\"article\" \/>\n<meta property=\"og:title\" content=\"Antecedentes\" \/>\n<meta property=\"og:description\" content=\"A partir de un amplio proceso de concertaci\u00f3n liderado por el Ministerio de Relaciones Exteriores que cont\u00f3 con la participaci\u00f3n de diversas organizaciones nacionales que agrupan a las v\u00edctimas y a los familiares y amigos de las v\u00edctimas de la invasi\u00f3n militar de los Estados Unidos de Am\u00e9rica a la Rep\u00fablica de Panam\u00e1 del 20 de diciembre de 1989, el Presidente Juan Carlos Varela, con la participaci\u00f3n de la Vicepresidenta y Ministra de Relaciones Exteriores Isabel Saint Malo de Alvarado, expide el Decreto Ejecutivo 121 de 2016 que crea la Comisi\u00f3n 20 de diciembre de 1989, en adelante la Comisi\u00f3n.\u00a0 En ese momento,\u00a0 integrada por cinco paname\u00f1os: Juan Planells, quien la preside, Maribel Ja\u00e9n, Enrique Illueca, Svetlana Jaramillo y Rolando Murgas. El Presidente de la Rep\u00fablica Laurentino Cortizo Cohen, a trav\u00e9s del Decreto Ejecutivo N\u00b0 93, del 13 de diciembre de 2022, y en consecuencia al deceso del Ing. Juan Planells Fern\u00e1ndez, Comisionado Presidente, nombra la nueva Comisi\u00f3n que tiene la responsabilidad de llevar las riendas de la Comisi\u00f3n.\u00a0 Ellos son Rolando Murgas Torraza, quien la presidir\u00e1, acompa\u00f1ado de Manuel Orestes Nieto, Luis Navas P\u00e1jaro, Svetlana In\u00e9s Jaramillo Donius, Alma Montenegro de Fletcher y Eusebio Mu\u00f1oz Jim\u00e9nez. En la actualidad la Comisi\u00f3n 20 de diciembre de 1989, cuenta con un plazo hasta el 27 de enero de 2027, seg\u00fan el Decreto Ejecutivo N\u00b045 de 24 de junio de 2024, para el cumplimiento de las funciones.\" \/>\n<meta property=\"og:url\" content=\"https:\/\/comision20dediciembrede1989.org.pa\/index.php\/antecedentes\/\" \/>\n<meta property=\"og:site_name\" content=\"Comision 20 de diciembre\" \/>\n<meta property=\"article:modified_time\" content=\"2025-05-18T22:56:19+00:00\" \/>\n<meta property=\"og:image\" content=\"https:\/\/comision20dediciembrede1989.org.pa\/wp-content\/uploads\/2016\/08\/wm_Unidos-reconozca-indemnice-enterrados-panamenos_LPRIMA20151220_0153_27.png\" \/>\n\t<meta property=\"og:image:width\" content=\"667\" \/>\n\t<meta property=\"og:image:height\" content=\"420\" \/>\n\t<meta property=\"og:image:type\" content=\"image\/png\" \/>\n<meta name=\"twitter:card\" content=\"summary_large_image\" \/>\n<meta name=\"twitter:label1\" content=\"Tiempo de lectura\" \/>\n\t<meta name=\"twitter:data1\" content=\"2 minutos\" \/>\n<script type=\"application\/ld+json\" class=\"yoast-schema-graph\">{\"@context\":\"https:\\\/\\\/schema.org\",\"@graph\":[{\"@type\":\"WebPage\",\"@id\":\"https:\\\/\\\/comision20dediciembrede1989.org.pa\\\/index.php\\\/antecedentes\\\/\",\"url\":\"https:\\\/\\\/comision20dediciembrede1989.org.pa\\\/index.php\\\/antecedentes\\\/\",\"name\":\"Antecedentes\",\"isPartOf\":{\"@id\":\"https:\\\/\\\/comision20dediciembrede1989.org.pa\\\/#website\"},\"primaryImageOfPage\":{\"@id\":\"https:\\\/\\\/comision20dediciembrede1989.org.pa\\\/index.php\\\/antecedentes\\\/#primaryimage\"},\"image\":{\"@id\":\"https:\\\/\\\/comision20dediciembrede1989.org.pa\\\/index.php\\\/antecedentes\\\/#primaryimage\"},\"thumbnailUrl\":\"http:\\\/\\\/comision20dediciembrede1989.org.pa\\\/wp-content\\\/uploads\\\/2016\\\/08\\\/wm_Unidos-reconozca-indemnice-enterrados-panamenos_LPRIMA20151220_0153_27.png\",\"datePublished\":\"2016-08-16T15:33:12+00:00\",\"dateModified\":\"2025-05-18T22:56:19+00:00\",\"breadcrumb\":{\"@id\":\"https:\\\/\\\/comision20dediciembrede1989.org.pa\\\/index.php\\\/antecedentes\\\/#breadcrumb\"},\"inLanguage\":\"es\",\"potentialAction\":[{\"@type\":\"ReadAction\",\"target\":[\"https:\\\/\\\/comision20dediciembrede1989.org.pa\\\/index.php\\\/antecedentes\\\/\"]}]},{\"@type\":\"ImageObject\",\"inLanguage\":\"es\",\"@id\":\"https:\\\/\\\/comision20dediciembrede1989.org.pa\\\/index.php\\\/antecedentes\\\/#primaryimage\",\"url\":\"http:\\\/\\\/comision20dediciembrede1989.org.pa\\\/wp-content\\\/uploads\\\/2016\\\/08\\\/wm_Unidos-reconozca-indemnice-enterrados-panamenos_LPRIMA20151220_0153_27.png\",\"contentUrl\":\"http:\\\/\\\/comision20dediciembrede1989.org.pa\\\/wp-content\\\/uploads\\\/2016\\\/08\\\/wm_Unidos-reconozca-indemnice-enterrados-panamenos_LPRIMA20151220_0153_27.png\"},{\"@type\":\"BreadcrumbList\",\"@id\":\"https:\\\/\\\/comision20dediciembrede1989.org.pa\\\/index.php\\\/antecedentes\\\/#breadcrumb\",\"itemListElement\":[{\"@type\":\"ListItem\",\"position\":1,\"name\":\"Portada\",\"item\":\"https:\\\/\\\/comision20dediciembrede1989.org.pa\\\/\"},{\"@type\":\"ListItem\",\"position\":2,\"name\":\"Antecedentes\"}]},{\"@type\":\"WebSite\",\"@id\":\"https:\\\/\\\/comision20dediciembrede1989.org.pa\\\/#website\",\"url\":\"https:\\\/\\\/comision20dediciembrede1989.org.pa\\\/\",\"name\":\"Comision 20 de diciembre\",\"description\":\"Por la Verdad, la Memoria y la Justicia\",\"potentialAction\":[{\"@type\":\"SearchAction\",\"target\":{\"@type\":\"EntryPoint\",\"urlTemplate\":\"https:\\\/\\\/comision20dediciembrede1989.org.pa\\\/?s={search_term_string}\"},\"query-input\":{\"@type\":\"PropertyValueSpecification\",\"valueRequired\":true,\"valueName\":\"search_term_string\"}}],\"inLanguage\":\"es\"}]}<\/script>\n<!-- \/ Yoast SEO plugin. -->","yoast_head_json":{"title":"Antecedentes","robots":{"index":"index","follow":"follow","max-snippet":"max-snippet:-1","max-image-preview":"max-image-preview:large","max-video-preview":"max-video-preview:-1"},"canonical":"https:\/\/comision20dediciembrede1989.org.pa\/index.php\/antecedentes\/","og_locale":"es_ES","og_type":"article","og_title":"Antecedentes","og_description":"A partir de un amplio proceso de concertaci\u00f3n liderado por el Ministerio de Relaciones Exteriores que cont\u00f3 con la participaci\u00f3n de diversas organizaciones nacionales que agrupan a las v\u00edctimas y a los familiares y amigos de las v\u00edctimas de la invasi\u00f3n militar de los Estados Unidos de Am\u00e9rica a la Rep\u00fablica de Panam\u00e1 del 20 de diciembre de 1989, el Presidente Juan Carlos Varela, con la participaci\u00f3n de la Vicepresidenta y Ministra de Relaciones Exteriores Isabel Saint Malo de Alvarado, expide el Decreto Ejecutivo 121 de 2016 que crea la Comisi\u00f3n 20 de diciembre de 1989, en adelante la Comisi\u00f3n.\u00a0 En ese momento,\u00a0 integrada por cinco paname\u00f1os: Juan Planells, quien la preside, Maribel Ja\u00e9n, Enrique Illueca, Svetlana Jaramillo y Rolando Murgas. El Presidente de la Rep\u00fablica Laurentino Cortizo Cohen, a trav\u00e9s del Decreto Ejecutivo N\u00b0 93, del 13 de diciembre de 2022, y en consecuencia al deceso del Ing. Juan Planells Fern\u00e1ndez, Comisionado Presidente, nombra la nueva Comisi\u00f3n que tiene la responsabilidad de llevar las riendas de la Comisi\u00f3n.\u00a0 Ellos son Rolando Murgas Torraza, quien la presidir\u00e1, acompa\u00f1ado de Manuel Orestes Nieto, Luis Navas P\u00e1jaro, Svetlana In\u00e9s Jaramillo Donius, Alma Montenegro de Fletcher y Eusebio Mu\u00f1oz Jim\u00e9nez. En la actualidad la Comisi\u00f3n 20 de diciembre de 1989, cuenta con un plazo hasta el 27 de enero de 2027, seg\u00fan el Decreto Ejecutivo N\u00b045 de 24 de junio de 2024, para el cumplimiento de las funciones.","og_url":"https:\/\/comision20dediciembrede1989.org.pa\/index.php\/antecedentes\/","og_site_name":"Comision 20 de diciembre","article_modified_time":"2025-05-18T22:56:19+00:00","og_image":[{"width":667,"height":420,"url":"https:\/\/comision20dediciembrede1989.org.pa\/wp-content\/uploads\/2016\/08\/wm_Unidos-reconozca-indemnice-enterrados-panamenos_LPRIMA20151220_0153_27.png","type":"image\/png"}],"twitter_card":"summary_large_image","twitter_misc":{"Tiempo de lectura":"2 minutos"},"schema":{"@context":"https:\/\/schema.org","@graph":[{"@type":"WebPage","@id":"https:\/\/comision20dediciembrede1989.org.pa\/index.php\/antecedentes\/","url":"https:\/\/comision20dediciembrede1989.org.pa\/index.php\/antecedentes\/","name":"Antecedentes","isPartOf":{"@id":"https:\/\/comision20dediciembrede1989.org.pa\/#website"},"primaryImageOfPage":{"@id":"https:\/\/comision20dediciembrede1989.org.pa\/index.php\/antecedentes\/#primaryimage"},"image":{"@id":"https:\/\/comision20dediciembrede1989.org.pa\/index.php\/antecedentes\/#primaryimage"},"thumbnailUrl":"http:\/\/comision20dediciembrede1989.org.pa\/wp-content\/uploads\/2016\/08\/wm_Unidos-reconozca-indemnice-enterrados-panamenos_LPRIMA20151220_0153_27.png","datePublished":"2016-08-16T15:33:12+00:00","dateModified":"2025-05-18T22:56:19+00:00","breadcrumb":{"@id":"https:\/\/comision20dediciembrede1989.org.pa\/index.php\/antecedentes\/#breadcrumb"},"inLanguage":"es","potentialAction":[{"@type":"ReadAction","target":["https:\/\/comision20dediciembrede1989.org.pa\/index.php\/antecedentes\/"]}]},{"@type":"ImageObject","inLanguage":"es","@id":"https:\/\/comision20dediciembrede1989.org.pa\/index.php\/antecedentes\/#primaryimage","url":"http:\/\/comision20dediciembrede1989.org.pa\/wp-content\/uploads\/2016\/08\/wm_Unidos-reconozca-indemnice-enterrados-panamenos_LPRIMA20151220_0153_27.png","contentUrl":"http:\/\/comision20dediciembrede1989.org.pa\/wp-content\/uploads\/2016\/08\/wm_Unidos-reconozca-indemnice-enterrados-panamenos_LPRIMA20151220_0153_27.png"},{"@type":"BreadcrumbList","@id":"https:\/\/comision20dediciembrede1989.org.pa\/index.php\/antecedentes\/#breadcrumb","itemListElement":[{"@type":"ListItem","position":1,"name":"Portada","item":"https:\/\/comision20dediciembrede1989.org.pa\/"},{"@type":"ListItem","position":2,"name":"Antecedentes"}]},{"@type":"WebSite","@id":"https:\/\/comision20dediciembrede1989.org.pa\/#website","url":"https:\/\/comision20dediciembrede1989.org.pa\/","name":"Comision 20 de diciembre","description":"Por la Verdad, la Memoria y la Justicia","potentialAction":[{"@type":"SearchAction","target":{"@type":"EntryPoint","urlTemplate":"https:\/\/comision20dediciembrede1989.org.pa\/?s={search_term_string}"},"query-input":{"@type":"PropertyValueSpecification","valueRequired":true,"valueName":"search_term_string"}}],"inLanguage":"es"}]}},"_links":{"self":[{"href":"https:\/\/comision20dediciembrede1989.org.pa\/index.php\/wp-json\/wp\/v2\/pages\/76","targetHints":{"allow":["GET"]}}],"collection":[{"href":"https:\/\/comision20dediciembrede1989.org.pa\/index.php\/wp-json\/wp\/v2\/pages"}],"about":[{"href":"https:\/\/comision20dediciembrede1989.org.pa\/index.php\/wp-json\/wp\/v2\/types\/page"}],"author":[{"embeddable":true,"href":"https:\/\/comision20dediciembrede1989.org.pa\/index.php\/wp-json\/wp\/v2\/users\/7"}],"replies":[{"embeddable":true,"href":"https:\/\/comision20dediciembrede1989.org.pa\/index.php\/wp-json\/wp\/v2\/comments?post=76"}],"version-history":[{"count":15,"href":"https:\/\/comision20dediciembrede1989.org.pa\/index.php\/wp-json\/wp\/v2\/pages\/76\/revisions"}],"predecessor-version":[{"id":4045,"href":"https:\/\/comision20dediciembrede1989.org.pa\/index.php\/wp-json\/wp\/v2\/pages\/76\/revisions\/4045"}],"wp:attachment":[{"href":"https:\/\/comision20dediciembrede1989.org.pa\/index.php\/wp-json\/wp\/v2\/media?parent=76"}],"curies":[{"name":"wp","href":"https:\/\/api.w.org\/{rel}","templated":true}]}}