{"id":634,"date":"2017-09-27T20:51:43","date_gmt":"2017-09-27T20:51:43","guid":{"rendered":"http:\/\/comision20dediciembrede1989.org.pa\/?page_id=634"},"modified":"2022-06-28T19:18:07","modified_gmt":"2022-06-28T19:18:07","slug":"colaboracion-tecnica-del-comite-internacional-de-la-cruz-roja","status":"publish","type":"page","link":"https:\/\/comision20dediciembrede1989.org.pa\/index.php\/colaboracion-tecnica-del-comite-internacional-de-la-cruz-roja\/","title":{"rendered":"Colaboraci\u00f3n T\u00e9cnica del Comit\u00e9 Internacional de la Cruz Roja"},"content":{"rendered":"<div><\/div>\n","protected":false},"excerpt":{"rendered":"","protected":false},"author":7,"featured_media":0,"parent":0,"menu_order":0,"comment_status":"closed","ping_status":"closed","template":"","meta":{"footnotes":""},"class_list":["post-634","page","type-page","status-publish","hentry"],"yoast_head":"<!-- This site is optimized with the Yoast SEO plugin v27.5 - https:\/\/yoast.com\/product\/yoast-seo-wordpress\/ -->\n<title>Colaboraci\u00f3n T\u00e9cnica del Comit\u00e9 Internacional de la Cruz Roja - Comision 20 de diciembre<\/title>\n<meta name=\"robots\" content=\"index, follow, max-snippet:-1, max-image-preview:large, max-video-preview:-1\" \/>\n<link rel=\"canonical\" href=\"https:\/\/comision20dediciembrede1989.org.pa\/index.php\/colaboracion-tecnica-del-comite-internacional-de-la-cruz-roja\/\" \/>\n<meta property=\"og:locale\" content=\"es_ES\" \/>\n<meta property=\"og:type\" content=\"article\" \/>\n<meta property=\"og:title\" content=\"Colaboraci\u00f3n T\u00e9cnica del Comit\u00e9 Internacional de la Cruz Roja - Comision 20 de diciembre\" \/>\n<meta property=\"og:url\" content=\"https:\/\/comision20dediciembrede1989.org.pa\/index.php\/colaboracion-tecnica-del-comite-internacional-de-la-cruz-roja\/\" \/>\n<meta property=\"og:site_name\" content=\"Comision 20 de diciembre\" \/>\n<meta property=\"article:modified_time\" content=\"2022-06-28T19:18:07+00:00\" \/>\n<meta name=\"twitter:card\" content=\"summary_large_image\" \/>\n<script type=\"application\/ld+json\" class=\"yoast-schema-graph\">{\"@context\":\"https:\\\/\\\/schema.org\",\"@graph\":[{\"@type\":\"WebPage\",\"@id\":\"https:\\\/\\\/comision20dediciembrede1989.org.pa\\\/index.php\\\/colaboracion-tecnica-del-comite-internacional-de-la-cruz-roja\\\/\",\"url\":\"https:\\\/\\\/comision20dediciembrede1989.org.pa\\\/index.php\\\/colaboracion-tecnica-del-comite-internacional-de-la-cruz-roja\\\/\",\"name\":\"Colaboraci\u00f3n T\u00e9cnica del Comit\u00e9 Internacional de la Cruz Roja - Comision 20 de diciembre\",\"isPartOf\":{\"@id\":\"https:\\\/\\\/comision20dediciembrede1989.org.pa\\\/#website\"},\"datePublished\":\"2017-09-27T20:51:43+00:00\",\"dateModified\":\"2022-06-28T19:18:07+00:00\",\"breadcrumb\":{\"@id\":\"https:\\\/\\\/comision20dediciembrede1989.org.pa\\\/index.php\\\/colaboracion-tecnica-del-comite-internacional-de-la-cruz-roja\\\/#breadcrumb\"},\"inLanguage\":\"es\",\"potentialAction\":[{\"@type\":\"ReadAction\",\"target\":[\"https:\\\/\\\/comision20dediciembrede1989.org.pa\\\/index.php\\\/colaboracion-tecnica-del-comite-internacional-de-la-cruz-roja\\\/\"]}]},{\"@type\":\"BreadcrumbList\",\"@id\":\"https:\\\/\\\/comision20dediciembrede1989.org.pa\\\/index.php\\\/colaboracion-tecnica-del-comite-internacional-de-la-cruz-roja\\\/#breadcrumb\",\"itemListElement\":[{\"@type\":\"ListItem\",\"position\":1,\"name\":\"Portada\",\"item\":\"https:\\\/\\\/comision20dediciembrede1989.org.pa\\\/\"},{\"@type\":\"ListItem\",\"position\":2,\"name\":\"Colaboraci\u00f3n T\u00e9cnica del Comit\u00e9 Internacional de la Cruz Roja\"}]},{\"@type\":\"WebSite\",\"@id\":\"https:\\\/\\\/comision20dediciembrede1989.org.pa\\\/#website\",\"url\":\"https:\\\/\\\/comision20dediciembrede1989.org.pa\\\/\",\"name\":\"Comision 20 de diciembre\",\"description\":\"Por la Verdad, la Memoria y la Justicia\",\"potentialAction\":[{\"@type\":\"SearchAction\",\"target\":{\"@type\":\"EntryPoint\",\"urlTemplate\":\"https:\\\/\\\/comision20dediciembrede1989.org.pa\\\/?s={search_term_string}\"},\"query-input\":{\"@type\":\"PropertyValueSpecification\",\"valueRequired\":true,\"valueName\":\"search_term_string\"}}],\"inLanguage\":\"es\"}]}<\/script>\n<!-- \/ Yoast SEO plugin. -->","yoast_head_json":{"title":"Colaboraci\u00f3n T\u00e9cnica del Comit\u00e9 Internacional de la Cruz Roja - Comision 20 de diciembre","robots":{"index":"index","follow":"follow","max-snippet":"max-snippet:-1","max-image-preview":"max-image-preview:large","max-video-preview":"max-video-preview:-1"},"canonical":"https:\/\/comision20dediciembrede1989.org.pa\/index.php\/colaboracion-tecnica-del-comite-internacional-de-la-cruz-roja\/","og_locale":"es_ES","og_type":"article","og_title":"Colaboraci\u00f3n T\u00e9cnica del Comit\u00e9 Internacional de la Cruz Roja - Comision 20 de diciembre","og_url":"https:\/\/comision20dediciembrede1989.org.pa\/index.php\/colaboracion-tecnica-del-comite-internacional-de-la-cruz-roja\/","og_site_name":"Comision 20 de diciembre","article_modified_time":"2022-06-28T19:18:07+00:00","twitter_card":"summary_large_image","schema":{"@context":"https:\/\/schema.org","@graph":[{"@type":"WebPage","@id":"https:\/\/comision20dediciembrede1989.org.pa\/index.php\/colaboracion-tecnica-del-comite-internacional-de-la-cruz-roja\/","url":"https:\/\/comision20dediciembrede1989.org.pa\/index.php\/colaboracion-tecnica-del-comite-internacional-de-la-cruz-roja\/","name":"Colaboraci\u00f3n T\u00e9cnica del Comit\u00e9 Internacional de la Cruz Roja - Comision 20 de diciembre","isPartOf":{"@id":"https:\/\/comision20dediciembrede1989.org.pa\/#website"},"datePublished":"2017-09-27T20:51:43+00:00","dateModified":"2022-06-28T19:18:07+00:00","breadcrumb":{"@id":"https:\/\/comision20dediciembrede1989.org.pa\/index.php\/colaboracion-tecnica-del-comite-internacional-de-la-cruz-roja\/#breadcrumb"},"inLanguage":"es","potentialAction":[{"@type":"ReadAction","target":["https:\/\/comision20dediciembrede1989.org.pa\/index.php\/colaboracion-tecnica-del-comite-internacional-de-la-cruz-roja\/"]}]},{"@type":"BreadcrumbList","@id":"https:\/\/comision20dediciembrede1989.org.pa\/index.php\/colaboracion-tecnica-del-comite-internacional-de-la-cruz-roja\/#breadcrumb","itemListElement":[{"@type":"ListItem","position":1,"name":"Portada","item":"https:\/\/comision20dediciembrede1989.org.pa\/"},{"@type":"ListItem","position":2,"name":"Colaboraci\u00f3n T\u00e9cnica del Comit\u00e9 Internacional de la Cruz Roja"}]},{"@type":"WebSite","@id":"https:\/\/comision20dediciembrede1989.org.pa\/#website","url":"https:\/\/comision20dediciembrede1989.org.pa\/","name":"Comision 20 de diciembre","description":"Por la Verdad, la Memoria y la Justicia","potentialAction":[{"@type":"SearchAction","target":{"@type":"EntryPoint","urlTemplate":"https:\/\/comision20dediciembrede1989.org.pa\/?s={search_term_string}"},"query-input":{"@type":"PropertyValueSpecification","valueRequired":true,"valueName":"search_term_string"}}],"inLanguage":"es"}]}},"_links":{"self":[{"href":"https:\/\/comision20dediciembrede1989.org.pa\/index.php\/wp-json\/wp\/v2\/pages\/634","targetHints":{"allow":["GET"]}}],"collection":[{"href":"https:\/\/comision20dediciembrede1989.org.pa\/index.php\/wp-json\/wp\/v2\/pages"}],"about":[{"href":"https:\/\/comision20dediciembrede1989.org.pa\/index.php\/wp-json\/wp\/v2\/types\/page"}],"author":[{"embeddable":true,"href":"https:\/\/comision20dediciembrede1989.org.pa\/index.php\/wp-json\/wp\/v2\/users\/7"}],"replies":[{"embeddable":true,"href":"https:\/\/comision20dediciembrede1989.org.pa\/index.php\/wp-json\/wp\/v2\/comments?post=634"}],"version-history":[{"count":1,"href":"https:\/\/comision20dediciembrede1989.org.pa\/index.php\/wp-json\/wp\/v2\/pages\/634\/revisions"}],"predecessor-version":[{"id":635,"href":"https:\/\/comision20dediciembrede1989.org.pa\/index.php\/wp-json\/wp\/v2\/pages\/634\/revisions\/635"}],"wp:attachment":[{"href":"https:\/\/comision20dediciembrede1989.org.pa\/index.php\/wp-json\/wp\/v2\/media?parent=634"}],"curies":[{"name":"wp","href":"https:\/\/api.w.org\/{rel}","templated":true}]}}