{"id":624,"date":"2017-09-27T20:46:08","date_gmt":"2017-09-27T20:46:08","guid":{"rendered":"http:\/\/comision20dediciembrede1989.org.pa\/?page_id=624"},"modified":"2023-06-29T17:19:23","modified_gmt":"2023-06-29T17:19:23","slug":"voluntariado-y-servicio-social","status":"publish","type":"page","link":"https:\/\/comision20dediciembrede1989.org.pa\/index.php\/voluntariado-y-servicio-social\/","title":{"rendered":"Voluntariado y Servicio Social"},"content":{"rendered":"<p>[vc_row][vc_column][vc_single_image image=\u00bb2677&#8243; img_size=\u00bbFULL\u00bb][vc_empty_space][vc_column_text]<\/p>\n<h3>Si quieres hacer tu voluntariado o Servicio Social con nosotros por favor llena el formulario<\/h3>\n<div><\/div>\n<div><\/div>\n<p>[\/vc_column_text][vc_empty_space][\/vc_column][\/vc_row][vc_row][vc_column][vc_column_text]<form id=\"forminator-module-1415\" class=\"forminator-custom-form forminator-custom-form-1415\" method=\"post\" data-forminator-render=\"0\" data-uid=\"69d743cc2f78e\"><div role=\"alert\" aria-live=\"polite\" class=\"forminator-response-message forminator-error\" aria-hidden=\"true\"><\/div><\/form>[\/vc_column_text][\/vc_column][\/vc_row]<\/p>\n","protected":false},"excerpt":{"rendered":"<p>[vc_row][vc_column][vc_single_image image=\u00bb2677&#8243; img_size=\u00bbFULL\u00bb][vc_empty_space][vc_column_text] Si quieres hacer tu voluntariado o Servicio Social con nosotros por favor llena el formulario [\/vc_column_text][vc_empty_space][\/vc_column][\/vc_row][vc_row][vc_column][vc_column_text][\/vc_column_text][\/vc_column][\/vc_row]<\/p>\n","protected":false},"author":7,"featured_media":0,"parent":0,"menu_order":0,"comment_status":"closed","ping_status":"closed","template":"","meta":{"footnotes":""},"class_list":["post-624","page","type-page","status-publish","hentry"],"yoast_head":"<!-- This site is optimized with the Yoast SEO plugin v27.3 - https:\/\/yoast.com\/product\/yoast-seo-wordpress\/ -->\n<title>Voluntariado y Servicio Social - Comisi\u00f3n 20 de Diciembre de 1989<\/title>\n<meta name=\"description\" content=\"Puedes hacer tu Voluntariado o Servicio Social dentro de la Comisi\u00f3n 20 de Diciembre de 1989 | Panam\u00e1 | Organizaci\u00f3n sin fines de lucro\" \/>\n<meta name=\"robots\" content=\"index, follow, max-snippet:-1, max-image-preview:large, max-video-preview:-1\" \/>\n<link rel=\"canonical\" href=\"https:\/\/comision20dediciembrede1989.org.pa\/index.php\/voluntariado-y-servicio-social\/\" \/>\n<meta property=\"og:locale\" content=\"es_ES\" \/>\n<meta property=\"og:type\" content=\"article\" \/>\n<meta property=\"og:title\" content=\"Voluntariado y Servicio Social - Comisi\u00f3n 20 de Diciembre de 1989\" \/>\n<meta property=\"og:description\" content=\"Puedes hacer tu Voluntariado o Servicio Social dentro de la Comisi\u00f3n 20 de Diciembre de 1989 | Panam\u00e1 | Organizaci\u00f3n sin fines de lucro\" \/>\n<meta property=\"og:url\" content=\"https:\/\/comision20dediciembrede1989.org.pa\/index.php\/voluntariado-y-servicio-social\/\" \/>\n<meta property=\"og:site_name\" content=\"Comision 20 de diciembre\" \/>\n<meta property=\"article:modified_time\" content=\"2023-06-29T17:19:23+00:00\" \/>\n<meta name=\"twitter:card\" content=\"summary_large_image\" \/>\n<meta name=\"twitter:label1\" content=\"Tiempo de lectura\" \/>\n\t<meta name=\"twitter:data1\" content=\"1 minuto\" \/>\n<script type=\"application\/ld+json\" class=\"yoast-schema-graph\">{\"@context\":\"https:\\\/\\\/schema.org\",\"@graph\":[{\"@type\":\"WebPage\",\"@id\":\"https:\\\/\\\/comision20dediciembrede1989.org.pa\\\/index.php\\\/voluntariado-y-servicio-social\\\/\",\"url\":\"https:\\\/\\\/comision20dediciembrede1989.org.pa\\\/index.php\\\/voluntariado-y-servicio-social\\\/\",\"name\":\"Voluntariado y Servicio Social - Comisi\u00f3n 20 de Diciembre de 1989\",\"isPartOf\":{\"@id\":\"https:\\\/\\\/comision20dediciembrede1989.org.pa\\\/#website\"},\"datePublished\":\"2017-09-27T20:46:08+00:00\",\"dateModified\":\"2023-06-29T17:19:23+00:00\",\"description\":\"Puedes hacer tu Voluntariado o Servicio Social dentro de la Comisi\u00f3n 20 de Diciembre de 1989 | Panam\u00e1 | Organizaci\u00f3n sin fines de lucro\",\"breadcrumb\":{\"@id\":\"https:\\\/\\\/comision20dediciembrede1989.org.pa\\\/index.php\\\/voluntariado-y-servicio-social\\\/#breadcrumb\"},\"inLanguage\":\"es\",\"potentialAction\":[{\"@type\":\"ReadAction\",\"target\":[\"https:\\\/\\\/comision20dediciembrede1989.org.pa\\\/index.php\\\/voluntariado-y-servicio-social\\\/\"]}]},{\"@type\":\"BreadcrumbList\",\"@id\":\"https:\\\/\\\/comision20dediciembrede1989.org.pa\\\/index.php\\\/voluntariado-y-servicio-social\\\/#breadcrumb\",\"itemListElement\":[{\"@type\":\"ListItem\",\"position\":1,\"name\":\"Portada\",\"item\":\"https:\\\/\\\/comision20dediciembrede1989.org.pa\\\/\"},{\"@type\":\"ListItem\",\"position\":2,\"name\":\"Voluntariado y Servicio Social\"}]},{\"@type\":\"WebSite\",\"@id\":\"https:\\\/\\\/comision20dediciembrede1989.org.pa\\\/#website\",\"url\":\"https:\\\/\\\/comision20dediciembrede1989.org.pa\\\/\",\"name\":\"Comision 20 de diciembre\",\"description\":\"Por la Verdad, la Memoria y la Justicia\",\"potentialAction\":[{\"@type\":\"SearchAction\",\"target\":{\"@type\":\"EntryPoint\",\"urlTemplate\":\"https:\\\/\\\/comision20dediciembrede1989.org.pa\\\/?s={search_term_string}\"},\"query-input\":{\"@type\":\"PropertyValueSpecification\",\"valueRequired\":true,\"valueName\":\"search_term_string\"}}],\"inLanguage\":\"es\"}]}<\/script>\n<!-- \/ Yoast SEO plugin. -->","yoast_head_json":{"title":"Voluntariado y Servicio Social - Comisi\u00f3n 20 de Diciembre de 1989","description":"Puedes hacer tu Voluntariado o Servicio Social dentro de la Comisi\u00f3n 20 de Diciembre de 1989 | Panam\u00e1 | Organizaci\u00f3n sin fines de lucro","robots":{"index":"index","follow":"follow","max-snippet":"max-snippet:-1","max-image-preview":"max-image-preview:large","max-video-preview":"max-video-preview:-1"},"canonical":"https:\/\/comision20dediciembrede1989.org.pa\/index.php\/voluntariado-y-servicio-social\/","og_locale":"es_ES","og_type":"article","og_title":"Voluntariado y Servicio Social - Comisi\u00f3n 20 de Diciembre de 1989","og_description":"Puedes hacer tu Voluntariado o Servicio Social dentro de la Comisi\u00f3n 20 de Diciembre de 1989 | Panam\u00e1 | Organizaci\u00f3n sin fines de lucro","og_url":"https:\/\/comision20dediciembrede1989.org.pa\/index.php\/voluntariado-y-servicio-social\/","og_site_name":"Comision 20 de diciembre","article_modified_time":"2023-06-29T17:19:23+00:00","twitter_card":"summary_large_image","twitter_misc":{"Tiempo de lectura":"1 minuto"},"schema":{"@context":"https:\/\/schema.org","@graph":[{"@type":"WebPage","@id":"https:\/\/comision20dediciembrede1989.org.pa\/index.php\/voluntariado-y-servicio-social\/","url":"https:\/\/comision20dediciembrede1989.org.pa\/index.php\/voluntariado-y-servicio-social\/","name":"Voluntariado y Servicio Social - Comisi\u00f3n 20 de Diciembre de 1989","isPartOf":{"@id":"https:\/\/comision20dediciembrede1989.org.pa\/#website"},"datePublished":"2017-09-27T20:46:08+00:00","dateModified":"2023-06-29T17:19:23+00:00","description":"Puedes hacer tu Voluntariado o Servicio Social dentro de la Comisi\u00f3n 20 de Diciembre de 1989 | Panam\u00e1 | Organizaci\u00f3n sin fines de lucro","breadcrumb":{"@id":"https:\/\/comision20dediciembrede1989.org.pa\/index.php\/voluntariado-y-servicio-social\/#breadcrumb"},"inLanguage":"es","potentialAction":[{"@type":"ReadAction","target":["https:\/\/comision20dediciembrede1989.org.pa\/index.php\/voluntariado-y-servicio-social\/"]}]},{"@type":"BreadcrumbList","@id":"https:\/\/comision20dediciembrede1989.org.pa\/index.php\/voluntariado-y-servicio-social\/#breadcrumb","itemListElement":[{"@type":"ListItem","position":1,"name":"Portada","item":"https:\/\/comision20dediciembrede1989.org.pa\/"},{"@type":"ListItem","position":2,"name":"Voluntariado y Servicio Social"}]},{"@type":"WebSite","@id":"https:\/\/comision20dediciembrede1989.org.pa\/#website","url":"https:\/\/comision20dediciembrede1989.org.pa\/","name":"Comision 20 de diciembre","description":"Por la Verdad, la Memoria y la Justicia","potentialAction":[{"@type":"SearchAction","target":{"@type":"EntryPoint","urlTemplate":"https:\/\/comision20dediciembrede1989.org.pa\/?s={search_term_string}"},"query-input":{"@type":"PropertyValueSpecification","valueRequired":true,"valueName":"search_term_string"}}],"inLanguage":"es"}]}},"_links":{"self":[{"href":"https:\/\/comision20dediciembrede1989.org.pa\/index.php\/wp-json\/wp\/v2\/pages\/624","targetHints":{"allow":["GET"]}}],"collection":[{"href":"https:\/\/comision20dediciembrede1989.org.pa\/index.php\/wp-json\/wp\/v2\/pages"}],"about":[{"href":"https:\/\/comision20dediciembrede1989.org.pa\/index.php\/wp-json\/wp\/v2\/types\/page"}],"author":[{"embeddable":true,"href":"https:\/\/comision20dediciembrede1989.org.pa\/index.php\/wp-json\/wp\/v2\/users\/7"}],"replies":[{"embeddable":true,"href":"https:\/\/comision20dediciembrede1989.org.pa\/index.php\/wp-json\/wp\/v2\/comments?post=624"}],"version-history":[{"count":20,"href":"https:\/\/comision20dediciembrede1989.org.pa\/index.php\/wp-json\/wp\/v2\/pages\/624\/revisions"}],"predecessor-version":[{"id":3237,"href":"https:\/\/comision20dediciembrede1989.org.pa\/index.php\/wp-json\/wp\/v2\/pages\/624\/revisions\/3237"}],"wp:attachment":[{"href":"https:\/\/comision20dediciembrede1989.org.pa\/index.php\/wp-json\/wp\/v2\/media?parent=624"}],"curies":[{"name":"wp","href":"https:\/\/api.w.org\/{rel}","templated":true}]}}