{"id":2433,"date":"2022-03-05T21:19:41","date_gmt":"2022-03-05T21:19:41","guid":{"rendered":"https:\/\/comision20dediciembrede1989.org.pa\/?page_id=2433"},"modified":"2025-08-25T02:13:19","modified_gmt":"2025-08-25T02:13:19","slug":"2433-2","status":"publish","type":"page","link":"https:\/\/comision20dediciembrede1989.org.pa\/index.php\/2433-2\/","title":{"rendered":"Galer\u00eda de Fotos"},"content":{"rendered":"<p>[vc_row][vc_column][vc_custom_heading text=\u00bbInauguraci\u00f3n\u00bb][vc_media_grid element_width=\u00bb3&#8243; grid_id=\u00bbvc_gid:1756087184376-990e02dd-dad8-9&#8243; include=\u00bb2460,2456,2462,2461,2469,2470,2458&#8243;][vc_empty_space height=\u00bb100px\u00bb][vc_custom_heading text=\u00bbVisita de la Asociaci\u00f3n de familiares y amigos de los ca\u00eddos del 20 de diciembre &#8211; Reuni\u00f3n de la Comisi\u00f3n en la Rector\u00eda de la USMA.\u00bb][vc_column_text]<\/p>\n<p style=\"text-align: justify;\">Invitados: Sra. Trinidad Ayola, Presidenta de la Asociaci\u00f3n de Familiares y Amigos de los ca\u00eddos del 20 de diciembre; Sra. M\u00e1gdala Cata\u00f1o, presos civiles y militares; Sr. Ernesto Fitzroy Hay, v\u00edctimas del Chorrillo y Sr Tom\u00e1s P\u00e9rez por los empresarios y comerciantes afectados.<\/p>\n<p>[\/vc_column_text][vc_media_grid element_width=\u00bb3&#8243; grid_id=\u00bbvc_gid:1756087184386-a4fde598-bf05-8&#8243; include=\u00bb2463,2464&#8243;][vc_empty_space height=\u00bb100px\u00bb][vc_custom_heading text=\u00bbVoluntariado y Servicio Social\u00bb][vc_column_text]<\/p>\n<p style=\"text-align: justify;\">Estudiantes graduandos de Derecho y Ciencias Pol\u00edticas de la Universidad de Panam\u00e1 y Universidad Santa Mar\u00eda La Antigua, colaboran con las tareas de revisi\u00f3n documental que se realizan en archivos del \u00d3rgano Judicial, Ministerio de Salud e Instituto de Medicina Legal y Ciencias Forenses<\/p>\n<p>[\/vc_column_text][vc_media_grid element_width=\u00bb3&#8243; grid_id=\u00bbvc_gid:1756087184389-288cf39e-8fdc-2&#8243; include=\u00bb2472,2480,2479,2478,2477,2475,2500,2501&#8243;][vc_empty_space height=\u00bb100px\u00bb][vc_custom_heading text=\u00bbColaboraci\u00f3n t\u00e9cnica del Comit\u00e9 Internacional de La Cruz Roja\u00bb][vc_column_text]<\/p>\n<p style=\"text-align: justify;\">Reuni\u00f3n &#8211; Videoconferencia con Sr. Giuseppe Renda, Jefe de Misi\u00f3n del Comit\u00e9 Internacional de la Cruz Roja en Panam\u00e1; Dra. Ute Hofmeister, coordinadora Regional Forense para Centro y Norte Am\u00e9rica; Se\u00f1or Diomedes Trejos, Jefe de Laboratorio de An\u00e1lisis Biomolecular &#8211; ADN del Instituto de Medicina Legal y Ciencias Forenses<\/p>\n<p>[\/vc_column_text][vc_media_grid element_width=\u00bb3&#8243; grid_id=\u00bbvc_gid:1756087184399-e5ff0415-b5ba-2&#8243; include=\u00bb2481,2482,2483,2484&#8243;][vc_empty_space height=\u00bb100px\u00bb][vc_custom_heading text=\u00bbPanam\u00e1 recuerda a los ca\u00eddos del 20 de diciembre de 1989&#8243;][vc_media_grid element_width=\u00bb3&#8243; grid_id=\u00bbvc_gid:1756087184406-c3acdfc4-b2c1-0&#8243; include=\u00bb2486,2487,2488,2489,2490,2491,2492,2493&#8243;][vc_empty_space height=\u00bb100px\u00bb][vc_custom_heading text=\u00bbTercera Sesi\u00f3n Informativa\u00bb][vc_media_grid element_width=\u00bb3&#8243; grid_id=\u00bbvc_gid:1756087184419-109326ec-cf0c-5&#8243; include=\u00bb2496,2497,2498,2499&#8243;][vc_empty_space height=\u00bb100px\u00bb][vc_custom_heading text=\u00bbCuarta Sesi\u00f3n Informativa\u00bb][vc_media_grid element_width=\u00bb3&#8243; grid_id=\u00bbvc_gid:1756087184426-6185a81e-c0b7-9&#8243; include=\u00bb2503,2504,2511,2510,2509,2508,2507,2506,2505&#8243;][vc_empty_space height=\u00bb100px\u00bb][vc_custom_heading text=\u00bbCuarta Sesi\u00f3n Informativa\u00bb][vc_media_grid element_width=\u00bb3&#8243; grid_id=\u00bbvc_gid:1756087184437-842ad959-76f2-4&#8243; include=\u00bb4141,4140,4139,4138,4137,4136,4130,4131,4133,4132,4134,4135,4129,4128&#8243;][vc_empty_space height=\u00bb100px\u00bb][vc_custom_heading text=\u00bbCuarta Sesi\u00f3n Informativa\u00bb][vc_media_grid element_width=\u00bb3&#8243; grid_id=\u00bbvc_gid:1756087251337-d2643bf6-c292-8&#8243; include=\u00bb4143,4144,4145,4146,4147,4148,4149,4150,4151,4152,4153,4154,4155,4156&#8243;][vc_empty_space height=\u00bb100px\u00bb][vc_custom_heading text=\u00bbLimpieza en cementerio de Cerro Batea y Jornada de Prospecci\u00f3n. 20 de agosto 2025&#8243;][vc_media_grid element_width=\u00bb3&#8243; grid_id=\u00bbvc_gid:1756087853915-f01a438d-214c-5&#8243; include=\u00bb4143,4144,4145,4146,4147,4148,4149,4150,4151,4152,4153,4154,4155,4156&#8243;][vc_row_inner][vc_column_inner][\/vc_column_inner][\/vc_row_inner][\/vc_column][\/vc_row]<\/p>\n","protected":false},"excerpt":{"rendered":"<p>[vc_row][vc_column][vc_custom_heading text=\u00bbInauguraci\u00f3n\u00bb][vc_media_grid element_width=\u00bb3&#8243; grid_id=\u00bbvc_gid:1756087184376-990e02dd-dad8-9&#8243; include=\u00bb2460,2456,2462,2461,2469,2470,2458&#8243;][vc_empty_space height=\u00bb100px\u00bb][vc_custom_heading text=\u00bbVisita de la Asociaci\u00f3n de familiares y amigos de los ca\u00eddos del 20 de diciembre &#8211; Reuni\u00f3n de la Comisi\u00f3n en la Rector\u00eda de la USMA.\u00bb][vc_column_text] Invitados: Sra. Trinidad Ayola, Presidenta de la Asociaci\u00f3n de Familiares y Amigos de los ca\u00eddos del 20 de diciembre; Sra. M\u00e1gdala Cata\u00f1o, presos civiles y militares; Sr. Ernesto Fitzroy Hay, v\u00edctimas del Chorrillo y Sr Tom\u00e1s P\u00e9rez por los empresarios y comerciantes afectados. [\/vc_column_text][vc_media_grid element_width=\u00bb3&#8243; grid_id=\u00bbvc_gid:1756087184386-a4fde598-bf05-8&#8243; include=\u00bb2463,2464&#8243;][vc_empty_space height=\u00bb100px\u00bb][vc_custom_heading text=\u00bbVoluntariado y Servicio Social\u00bb][vc_column_text] Estudiantes graduandos de Derecho y Ciencias Pol\u00edticas de la Universidad de Panam\u00e1 y Universidad Santa Mar\u00eda La Antigua, colaboran con las tareas de revisi\u00f3n documental que se realizan en archivos del \u00d3rgano Judicial, Ministerio de Salud e Instituto de Medicina Legal y Ciencias Forenses [\/vc_column_text][vc_media_grid element_width=\u00bb3&#8243; grid_id=\u00bbvc_gid:1756087184389-288cf39e-8fdc-2&#8243; include=\u00bb2472,2480,2479,2478,2477,2475,2500,2501&#8243;][vc_empty_space height=\u00bb100px\u00bb][vc_custom_heading text=\u00bbColaboraci\u00f3n t\u00e9cnica del Comit\u00e9 Internacional de La Cruz Roja\u00bb][vc_column_text] Reuni\u00f3n &#8211; Videoconferencia con Sr. Giuseppe Renda, Jefe de Misi\u00f3n del Comit\u00e9 Internacional de la Cruz Roja en Panam\u00e1; Dra. Ute Hofmeister, coordinadora Regional Forense para Centro y Norte Am\u00e9rica; Se\u00f1or Diomedes Trejos, Jefe de Laboratorio de An\u00e1lisis Biomolecular &#8211; ADN del Instituto de Medicina Legal y Ciencias Forenses [\/vc_column_text][vc_media_grid element_width=\u00bb3&#8243; grid_id=\u00bbvc_gid:1756087184399-e5ff0415-b5ba-2&#8243; include=\u00bb2481,2482,2483,2484&#8243;][vc_empty_space height=\u00bb100px\u00bb][vc_custom_heading text=\u00bbPanam\u00e1 recuerda a los ca\u00eddos del 20 de diciembre de 1989&#8243;][vc_media_grid element_width=\u00bb3&#8243; grid_id=\u00bbvc_gid:1756087184406-c3acdfc4-b2c1-0&#8243; include=\u00bb2486,2487,2488,2489,2490,2491,2492,2493&#8243;][vc_empty_space height=\u00bb100px\u00bb][vc_custom_heading text=\u00bbTercera Sesi\u00f3n Informativa\u00bb][vc_media_grid element_width=\u00bb3&#8243; grid_id=\u00bbvc_gid:1756087184419-109326ec-cf0c-5&#8243; include=\u00bb2496,2497,2498,2499&#8243;][vc_empty_space height=\u00bb100px\u00bb][vc_custom_heading text=\u00bbCuarta Sesi\u00f3n Informativa\u00bb][vc_media_grid element_width=\u00bb3&#8243; grid_id=\u00bbvc_gid:1756087184426-6185a81e-c0b7-9&#8243; include=\u00bb2503,2504,2511,2510,2509,2508,2507,2506,2505&#8243;][vc_empty_space height=\u00bb100px\u00bb][vc_custom_heading text=\u00bbCuarta Sesi\u00f3n Informativa\u00bb][vc_media_grid element_width=\u00bb3&#8243; grid_id=\u00bbvc_gid:1756087184437-842ad959-76f2-4&#8243; include=\u00bb4141,4140,4139,4138,4137,4136,4130,4131,4133,4132,4134,4135,4129,4128&#8243;][vc_empty_space height=\u00bb100px\u00bb][vc_custom_heading text=\u00bbCuarta Sesi\u00f3n Informativa\u00bb][vc_media_grid element_width=\u00bb3&#8243; grid_id=\u00bbvc_gid:1756087251337-d2643bf6-c292-8&#8243; include=\u00bb4143,4144,4145,4146,4147,4148,4149,4150,4151,4152,4153,4154,4155,4156&#8243;][vc_empty_space height=\u00bb100px\u00bb][vc_custom_heading text=\u00bbLimpieza en cementerio de Cerro Batea y Jornada de Prospecci\u00f3n. 20 [&hellip;]<\/p>\n","protected":false},"author":7,"featured_media":0,"parent":0,"menu_order":0,"comment_status":"closed","ping_status":"closed","template":"","meta":{"footnotes":""},"class_list":["post-2433","page","type-page","status-publish","hentry"],"yoast_head":"<!-- This site is optimized with the Yoast SEO plugin v27.3 - https:\/\/yoast.com\/product\/yoast-seo-wordpress\/ -->\n<title>Galer\u00eda de Fotos | Archivo | Comisi\u00f3n 20 de Diciembre<\/title>\n<meta name=\"robots\" content=\"index, follow, max-snippet:-1, max-image-preview:large, max-video-preview:-1\" \/>\n<link rel=\"canonical\" href=\"https:\/\/comision20dediciembrede1989.org.pa\/index.php\/2433-2\/\" \/>\n<meta property=\"og:locale\" content=\"es_ES\" \/>\n<meta property=\"og:type\" content=\"article\" \/>\n<meta property=\"og:title\" content=\"Galer\u00eda de Fotos | Archivo | Comisi\u00f3n 20 de Diciembre\" \/>\n<meta property=\"og:description\" content=\"[vc_row][vc_column][vc_custom_heading text=\u00bbInauguraci\u00f3n\u00bb][vc_media_grid element_width=\u00bb3&#8243; grid_id=\u00bbvc_gid:1756087184376-990e02dd-dad8-9&#8243; include=\u00bb2460,2456,2462,2461,2469,2470,2458&#8243;][vc_empty_space height=\u00bb100px\u00bb][vc_custom_heading text=\u00bbVisita de la Asociaci\u00f3n de familiares y amigos de los ca\u00eddos del 20 de diciembre &#8211; Reuni\u00f3n de la Comisi\u00f3n en la Rector\u00eda de la USMA.\u00bb][vc_column_text] Invitados: Sra. Trinidad Ayola, Presidenta de la Asociaci\u00f3n de Familiares y Amigos de los ca\u00eddos del 20 de diciembre; Sra. M\u00e1gdala Cata\u00f1o, presos civiles y militares; Sr. Ernesto Fitzroy Hay, v\u00edctimas del Chorrillo y Sr Tom\u00e1s P\u00e9rez por los empresarios y comerciantes afectados. [\/vc_column_text][vc_media_grid element_width=\u00bb3&#8243; grid_id=\u00bbvc_gid:1756087184386-a4fde598-bf05-8&#8243; include=\u00bb2463,2464&#8243;][vc_empty_space height=\u00bb100px\u00bb][vc_custom_heading text=\u00bbVoluntariado y Servicio Social\u00bb][vc_column_text] Estudiantes graduandos de Derecho y Ciencias Pol\u00edticas de la Universidad de Panam\u00e1 y Universidad Santa Mar\u00eda La Antigua, colaboran con las tareas de revisi\u00f3n documental que se realizan en archivos del \u00d3rgano Judicial, Ministerio de Salud e Instituto de Medicina Legal y Ciencias Forenses [\/vc_column_text][vc_media_grid element_width=\u00bb3&#8243; grid_id=\u00bbvc_gid:1756087184389-288cf39e-8fdc-2&#8243; include=\u00bb2472,2480,2479,2478,2477,2475,2500,2501&#8243;][vc_empty_space height=\u00bb100px\u00bb][vc_custom_heading text=\u00bbColaboraci\u00f3n t\u00e9cnica del Comit\u00e9 Internacional de La Cruz Roja\u00bb][vc_column_text] Reuni\u00f3n &#8211; Videoconferencia con Sr. Giuseppe Renda, Jefe de Misi\u00f3n del Comit\u00e9 Internacional de la Cruz Roja en Panam\u00e1; Dra. Ute Hofmeister, coordinadora Regional Forense para Centro y Norte Am\u00e9rica; Se\u00f1or Diomedes Trejos, Jefe de Laboratorio de An\u00e1lisis Biomolecular &#8211; ADN del Instituto de Medicina Legal y Ciencias Forenses [\/vc_column_text][vc_media_grid element_width=\u00bb3&#8243; grid_id=\u00bbvc_gid:1756087184399-e5ff0415-b5ba-2&#8243; include=\u00bb2481,2482,2483,2484&#8243;][vc_empty_space height=\u00bb100px\u00bb][vc_custom_heading text=\u00bbPanam\u00e1 recuerda a los ca\u00eddos del 20 de diciembre de 1989&#8243;][vc_media_grid element_width=\u00bb3&#8243; grid_id=\u00bbvc_gid:1756087184406-c3acdfc4-b2c1-0&#8243; include=\u00bb2486,2487,2488,2489,2490,2491,2492,2493&#8243;][vc_empty_space height=\u00bb100px\u00bb][vc_custom_heading text=\u00bbTercera Sesi\u00f3n Informativa\u00bb][vc_media_grid element_width=\u00bb3&#8243; grid_id=\u00bbvc_gid:1756087184419-109326ec-cf0c-5&#8243; include=\u00bb2496,2497,2498,2499&#8243;][vc_empty_space height=\u00bb100px\u00bb][vc_custom_heading text=\u00bbCuarta Sesi\u00f3n Informativa\u00bb][vc_media_grid element_width=\u00bb3&#8243; grid_id=\u00bbvc_gid:1756087184426-6185a81e-c0b7-9&#8243; include=\u00bb2503,2504,2511,2510,2509,2508,2507,2506,2505&#8243;][vc_empty_space height=\u00bb100px\u00bb][vc_custom_heading text=\u00bbCuarta Sesi\u00f3n Informativa\u00bb][vc_media_grid element_width=\u00bb3&#8243; grid_id=\u00bbvc_gid:1756087184437-842ad959-76f2-4&#8243; include=\u00bb4141,4140,4139,4138,4137,4136,4130,4131,4133,4132,4134,4135,4129,4128&#8243;][vc_empty_space height=\u00bb100px\u00bb][vc_custom_heading text=\u00bbCuarta Sesi\u00f3n Informativa\u00bb][vc_media_grid element_width=\u00bb3&#8243; grid_id=\u00bbvc_gid:1756087251337-d2643bf6-c292-8&#8243; include=\u00bb4143,4144,4145,4146,4147,4148,4149,4150,4151,4152,4153,4154,4155,4156&#8243;][vc_empty_space height=\u00bb100px\u00bb][vc_custom_heading text=\u00bbLimpieza en cementerio de Cerro Batea y Jornada de Prospecci\u00f3n. 20 [&hellip;]\" \/>\n<meta property=\"og:url\" content=\"https:\/\/comision20dediciembrede1989.org.pa\/index.php\/2433-2\/\" \/>\n<meta property=\"og:site_name\" content=\"Comision 20 de diciembre\" \/>\n<meta property=\"article:modified_time\" content=\"2025-08-25T02:13:19+00:00\" \/>\n<meta name=\"twitter:card\" content=\"summary_large_image\" \/>\n<meta name=\"twitter:label1\" content=\"Tiempo de lectura\" \/>\n\t<meta name=\"twitter:data1\" content=\"18 minutos\" \/>\n<script type=\"application\/ld+json\" class=\"yoast-schema-graph\">{\"@context\":\"https:\\\/\\\/schema.org\",\"@graph\":[{\"@type\":\"WebPage\",\"@id\":\"https:\\\/\\\/comision20dediciembrede1989.org.pa\\\/index.php\\\/2433-2\\\/\",\"url\":\"https:\\\/\\\/comision20dediciembrede1989.org.pa\\\/index.php\\\/2433-2\\\/\",\"name\":\"Galer\u00eda de Fotos | Archivo | Comisi\u00f3n 20 de Diciembre\",\"isPartOf\":{\"@id\":\"https:\\\/\\\/comision20dediciembrede1989.org.pa\\\/#website\"},\"datePublished\":\"2022-03-05T21:19:41+00:00\",\"dateModified\":\"2025-08-25T02:13:19+00:00\",\"breadcrumb\":{\"@id\":\"https:\\\/\\\/comision20dediciembrede1989.org.pa\\\/index.php\\\/2433-2\\\/#breadcrumb\"},\"inLanguage\":\"es\",\"potentialAction\":[{\"@type\":\"ReadAction\",\"target\":[\"https:\\\/\\\/comision20dediciembrede1989.org.pa\\\/index.php\\\/2433-2\\\/\"]}]},{\"@type\":\"BreadcrumbList\",\"@id\":\"https:\\\/\\\/comision20dediciembrede1989.org.pa\\\/index.php\\\/2433-2\\\/#breadcrumb\",\"itemListElement\":[{\"@type\":\"ListItem\",\"position\":1,\"name\":\"Portada\",\"item\":\"https:\\\/\\\/comision20dediciembrede1989.org.pa\\\/\"},{\"@type\":\"ListItem\",\"position\":2,\"name\":\"Galer\u00eda de Fotos\"}]},{\"@type\":\"WebSite\",\"@id\":\"https:\\\/\\\/comision20dediciembrede1989.org.pa\\\/#website\",\"url\":\"https:\\\/\\\/comision20dediciembrede1989.org.pa\\\/\",\"name\":\"Comision 20 de diciembre\",\"description\":\"Por la Verdad, la Memoria y la Justicia\",\"potentialAction\":[{\"@type\":\"SearchAction\",\"target\":{\"@type\":\"EntryPoint\",\"urlTemplate\":\"https:\\\/\\\/comision20dediciembrede1989.org.pa\\\/?s={search_term_string}\"},\"query-input\":{\"@type\":\"PropertyValueSpecification\",\"valueRequired\":true,\"valueName\":\"search_term_string\"}}],\"inLanguage\":\"es\"}]}<\/script>\n<!-- \/ Yoast SEO plugin. -->","yoast_head_json":{"title":"Galer\u00eda de Fotos | Archivo | Comisi\u00f3n 20 de Diciembre","robots":{"index":"index","follow":"follow","max-snippet":"max-snippet:-1","max-image-preview":"max-image-preview:large","max-video-preview":"max-video-preview:-1"},"canonical":"https:\/\/comision20dediciembrede1989.org.pa\/index.php\/2433-2\/","og_locale":"es_ES","og_type":"article","og_title":"Galer\u00eda de Fotos | Archivo | Comisi\u00f3n 20 de Diciembre","og_description":"[vc_row][vc_column][vc_custom_heading text=\u00bbInauguraci\u00f3n\u00bb][vc_media_grid element_width=\u00bb3&#8243; grid_id=\u00bbvc_gid:1756087184376-990e02dd-dad8-9&#8243; include=\u00bb2460,2456,2462,2461,2469,2470,2458&#8243;][vc_empty_space height=\u00bb100px\u00bb][vc_custom_heading text=\u00bbVisita de la Asociaci\u00f3n de familiares y amigos de los ca\u00eddos del 20 de diciembre &#8211; Reuni\u00f3n de la Comisi\u00f3n en la Rector\u00eda de la USMA.\u00bb][vc_column_text] Invitados: Sra. Trinidad Ayola, Presidenta de la Asociaci\u00f3n de Familiares y Amigos de los ca\u00eddos del 20 de diciembre; Sra. M\u00e1gdala Cata\u00f1o, presos civiles y militares; Sr. Ernesto Fitzroy Hay, v\u00edctimas del Chorrillo y Sr Tom\u00e1s P\u00e9rez por los empresarios y comerciantes afectados. [\/vc_column_text][vc_media_grid element_width=\u00bb3&#8243; grid_id=\u00bbvc_gid:1756087184386-a4fde598-bf05-8&#8243; include=\u00bb2463,2464&#8243;][vc_empty_space height=\u00bb100px\u00bb][vc_custom_heading text=\u00bbVoluntariado y Servicio Social\u00bb][vc_column_text] Estudiantes graduandos de Derecho y Ciencias Pol\u00edticas de la Universidad de Panam\u00e1 y Universidad Santa Mar\u00eda La Antigua, colaboran con las tareas de revisi\u00f3n documental que se realizan en archivos del \u00d3rgano Judicial, Ministerio de Salud e Instituto de Medicina Legal y Ciencias Forenses [\/vc_column_text][vc_media_grid element_width=\u00bb3&#8243; grid_id=\u00bbvc_gid:1756087184389-288cf39e-8fdc-2&#8243; include=\u00bb2472,2480,2479,2478,2477,2475,2500,2501&#8243;][vc_empty_space height=\u00bb100px\u00bb][vc_custom_heading text=\u00bbColaboraci\u00f3n t\u00e9cnica del Comit\u00e9 Internacional de La Cruz Roja\u00bb][vc_column_text] Reuni\u00f3n &#8211; Videoconferencia con Sr. Giuseppe Renda, Jefe de Misi\u00f3n del Comit\u00e9 Internacional de la Cruz Roja en Panam\u00e1; Dra. Ute Hofmeister, coordinadora Regional Forense para Centro y Norte Am\u00e9rica; Se\u00f1or Diomedes Trejos, Jefe de Laboratorio de An\u00e1lisis Biomolecular &#8211; ADN del Instituto de Medicina Legal y Ciencias Forenses [\/vc_column_text][vc_media_grid element_width=\u00bb3&#8243; grid_id=\u00bbvc_gid:1756087184399-e5ff0415-b5ba-2&#8243; include=\u00bb2481,2482,2483,2484&#8243;][vc_empty_space height=\u00bb100px\u00bb][vc_custom_heading text=\u00bbPanam\u00e1 recuerda a los ca\u00eddos del 20 de diciembre de 1989&#8243;][vc_media_grid element_width=\u00bb3&#8243; grid_id=\u00bbvc_gid:1756087184406-c3acdfc4-b2c1-0&#8243; include=\u00bb2486,2487,2488,2489,2490,2491,2492,2493&#8243;][vc_empty_space height=\u00bb100px\u00bb][vc_custom_heading text=\u00bbTercera Sesi\u00f3n Informativa\u00bb][vc_media_grid element_width=\u00bb3&#8243; grid_id=\u00bbvc_gid:1756087184419-109326ec-cf0c-5&#8243; include=\u00bb2496,2497,2498,2499&#8243;][vc_empty_space height=\u00bb100px\u00bb][vc_custom_heading text=\u00bbCuarta Sesi\u00f3n Informativa\u00bb][vc_media_grid element_width=\u00bb3&#8243; grid_id=\u00bbvc_gid:1756087184426-6185a81e-c0b7-9&#8243; include=\u00bb2503,2504,2511,2510,2509,2508,2507,2506,2505&#8243;][vc_empty_space height=\u00bb100px\u00bb][vc_custom_heading text=\u00bbCuarta Sesi\u00f3n Informativa\u00bb][vc_media_grid element_width=\u00bb3&#8243; grid_id=\u00bbvc_gid:1756087184437-842ad959-76f2-4&#8243; include=\u00bb4141,4140,4139,4138,4137,4136,4130,4131,4133,4132,4134,4135,4129,4128&#8243;][vc_empty_space height=\u00bb100px\u00bb][vc_custom_heading text=\u00bbCuarta Sesi\u00f3n Informativa\u00bb][vc_media_grid element_width=\u00bb3&#8243; grid_id=\u00bbvc_gid:1756087251337-d2643bf6-c292-8&#8243; include=\u00bb4143,4144,4145,4146,4147,4148,4149,4150,4151,4152,4153,4154,4155,4156&#8243;][vc_empty_space height=\u00bb100px\u00bb][vc_custom_heading text=\u00bbLimpieza en cementerio de Cerro Batea y Jornada de Prospecci\u00f3n. 20 [&hellip;]","og_url":"https:\/\/comision20dediciembrede1989.org.pa\/index.php\/2433-2\/","og_site_name":"Comision 20 de diciembre","article_modified_time":"2025-08-25T02:13:19+00:00","twitter_card":"summary_large_image","twitter_misc":{"Tiempo de lectura":"18 minutos"},"schema":{"@context":"https:\/\/schema.org","@graph":[{"@type":"WebPage","@id":"https:\/\/comision20dediciembrede1989.org.pa\/index.php\/2433-2\/","url":"https:\/\/comision20dediciembrede1989.org.pa\/index.php\/2433-2\/","name":"Galer\u00eda de Fotos | Archivo | Comisi\u00f3n 20 de Diciembre","isPartOf":{"@id":"https:\/\/comision20dediciembrede1989.org.pa\/#website"},"datePublished":"2022-03-05T21:19:41+00:00","dateModified":"2025-08-25T02:13:19+00:00","breadcrumb":{"@id":"https:\/\/comision20dediciembrede1989.org.pa\/index.php\/2433-2\/#breadcrumb"},"inLanguage":"es","potentialAction":[{"@type":"ReadAction","target":["https:\/\/comision20dediciembrede1989.org.pa\/index.php\/2433-2\/"]}]},{"@type":"BreadcrumbList","@id":"https:\/\/comision20dediciembrede1989.org.pa\/index.php\/2433-2\/#breadcrumb","itemListElement":[{"@type":"ListItem","position":1,"name":"Portada","item":"https:\/\/comision20dediciembrede1989.org.pa\/"},{"@type":"ListItem","position":2,"name":"Galer\u00eda de Fotos"}]},{"@type":"WebSite","@id":"https:\/\/comision20dediciembrede1989.org.pa\/#website","url":"https:\/\/comision20dediciembrede1989.org.pa\/","name":"Comision 20 de diciembre","description":"Por la Verdad, la Memoria y la Justicia","potentialAction":[{"@type":"SearchAction","target":{"@type":"EntryPoint","urlTemplate":"https:\/\/comision20dediciembrede1989.org.pa\/?s={search_term_string}"},"query-input":{"@type":"PropertyValueSpecification","valueRequired":true,"valueName":"search_term_string"}}],"inLanguage":"es"}]}},"_links":{"self":[{"href":"https:\/\/comision20dediciembrede1989.org.pa\/index.php\/wp-json\/wp\/v2\/pages\/2433","targetHints":{"allow":["GET"]}}],"collection":[{"href":"https:\/\/comision20dediciembrede1989.org.pa\/index.php\/wp-json\/wp\/v2\/pages"}],"about":[{"href":"https:\/\/comision20dediciembrede1989.org.pa\/index.php\/wp-json\/wp\/v2\/types\/page"}],"author":[{"embeddable":true,"href":"https:\/\/comision20dediciembrede1989.org.pa\/index.php\/wp-json\/wp\/v2\/users\/7"}],"replies":[{"embeddable":true,"href":"https:\/\/comision20dediciembrede1989.org.pa\/index.php\/wp-json\/wp\/v2\/comments?post=2433"}],"version-history":[{"count":15,"href":"https:\/\/comision20dediciembrede1989.org.pa\/index.php\/wp-json\/wp\/v2\/pages\/2433\/revisions"}],"predecessor-version":[{"id":4157,"href":"https:\/\/comision20dediciembrede1989.org.pa\/index.php\/wp-json\/wp\/v2\/pages\/2433\/revisions\/4157"}],"wp:attachment":[{"href":"https:\/\/comision20dediciembrede1989.org.pa\/index.php\/wp-json\/wp\/v2\/media?parent=2433"}],"curies":[{"name":"wp","href":"https:\/\/api.w.org\/{rel}","templated":true}]}}