{"id":2367,"date":"2022-02-19T17:17:40","date_gmt":"2022-02-19T17:17:40","guid":{"rendered":"https:\/\/comision20dediciembrede1989.org.pa\/?page_id=2367"},"modified":"2026-03-16T19:37:16","modified_gmt":"2026-03-16T19:37:16","slug":"numero-e-identidad-de-victimas","status":"publish","type":"page","link":"https:\/\/comision20dediciembrede1989.org.pa\/index.php\/numero-e-identidad-de-victimas\/","title":{"rendered":"N\u00famero e identidad de v\u00edctimas"},"content":{"rendered":"<p>[vc_row][vc_column][vc_column_text]<\/p>\n<h3 style=\"text-align: center;\"><span style=\"color: #000000;\"><a style=\"color: #000000;\" href=\"http:\/\/comision20dediciembrede1989.org.pa\/wp-content\/uploads\/2026\/03\/Registro-de-victimas-marzo.pdf\">HAZ CLICK AQUI PARA VER EL LISTADO DE VICTIMAS<\/a><\/span><\/h3>\n<p>[\/vc_column_text][vc_single_image image=\u00bb2789&#8243; img_size=\u00bbFULL\u00bb alignment=\u00bbcenter\u00bb onclick=\u00bbcustom_link\u00bb link=\u00bbhttp:\/\/comision20dediciembrede1989.org.pa\/wp-content\/uploads\/2026\/03\/Registro-de-victimas-marzo.pdf\u00bb][\/vc_column][\/vc_row]<\/p>\n","protected":false},"excerpt":{"rendered":"<p>[vc_row][vc_column][vc_column_text] HAZ CLICK AQUI PARA VER EL LISTADO DE VICTIMAS [\/vc_column_text][vc_single_image image=\u00bb2789&#8243; img_size=\u00bbFULL\u00bb alignment=\u00bbcenter\u00bb onclick=\u00bbcustom_link\u00bb link=\u00bbhttp:\/\/comision20dediciembrede1989.org.pa\/wp-content\/uploads\/2026\/03\/Registro-de-victimas-marzo.pdf\u00bb][\/vc_column][\/vc_row]<\/p>\n","protected":false},"author":7,"featured_media":2581,"parent":0,"menu_order":0,"comment_status":"closed","ping_status":"closed","template":"","meta":{"footnotes":""},"class_list":["post-2367","page","type-page","status-publish","has-post-thumbnail","hentry"],"yoast_head":"<!-- This site is optimized with the Yoast SEO plugin v27.3 - https:\/\/yoast.com\/product\/yoast-seo-wordpress\/ -->\n<title>N\u00famero e Identidad de V\u00edctimas | Listado | 20 de diciembre 1989<\/title>\n<meta name=\"description\" content=\"La Comisi\u00f3n 20 de Diciembre de 1989 publica el listado de v\u00edctimas seg\u00fan se actualizan las investigaciones sobre la invasi\u00f3n de Panam\u00e1\" \/>\n<meta name=\"robots\" content=\"index, follow, max-snippet:-1, max-image-preview:large, max-video-preview:-1\" \/>\n<link rel=\"canonical\" href=\"https:\/\/comision20dediciembrede1989.org.pa\/index.php\/numero-e-identidad-de-victimas\/\" \/>\n<meta property=\"og:locale\" content=\"es_ES\" \/>\n<meta property=\"og:type\" content=\"article\" \/>\n<meta property=\"og:title\" content=\"N\u00famero e Identidad de V\u00edctimas | Listado | 20 de diciembre 1989\" \/>\n<meta property=\"og:description\" content=\"La Comisi\u00f3n 20 de Diciembre de 1989 publica el listado de v\u00edctimas seg\u00fan se actualizan las investigaciones sobre la invasi\u00f3n de Panam\u00e1\" \/>\n<meta property=\"og:url\" content=\"https:\/\/comision20dediciembrede1989.org.pa\/index.php\/numero-e-identidad-de-victimas\/\" \/>\n<meta property=\"og:site_name\" content=\"Comision 20 de diciembre\" \/>\n<meta property=\"article:modified_time\" content=\"2026-03-16T19:37:16+00:00\" \/>\n<meta property=\"og:image\" content=\"http:\/\/comision20dediciembrede1989.org.pa\/wp-content\/uploads\/2022\/03\/EJES-01.jpg\" \/>\n\t<meta property=\"og:image:width\" content=\"395\" \/>\n\t<meta property=\"og:image:height\" content=\"334\" \/>\n\t<meta property=\"og:image:type\" content=\"image\/jpeg\" \/>\n<meta name=\"twitter:card\" content=\"summary_large_image\" \/>\n<meta name=\"twitter:label1\" content=\"Tiempo de lectura\" \/>\n\t<meta name=\"twitter:data1\" content=\"1 minuto\" \/>\n<script type=\"application\/ld+json\" class=\"yoast-schema-graph\">{\"@context\":\"https:\\\/\\\/schema.org\",\"@graph\":[{\"@type\":\"WebPage\",\"@id\":\"https:\\\/\\\/comision20dediciembrede1989.org.pa\\\/index.php\\\/numero-e-identidad-de-victimas\\\/\",\"url\":\"https:\\\/\\\/comision20dediciembrede1989.org.pa\\\/index.php\\\/numero-e-identidad-de-victimas\\\/\",\"name\":\"N\u00famero e Identidad de V\u00edctimas | Listado | 20 de diciembre 1989\",\"isPartOf\":{\"@id\":\"https:\\\/\\\/comision20dediciembrede1989.org.pa\\\/#website\"},\"primaryImageOfPage\":{\"@id\":\"https:\\\/\\\/comision20dediciembrede1989.org.pa\\\/index.php\\\/numero-e-identidad-de-victimas\\\/#primaryimage\"},\"image\":{\"@id\":\"https:\\\/\\\/comision20dediciembrede1989.org.pa\\\/index.php\\\/numero-e-identidad-de-victimas\\\/#primaryimage\"},\"thumbnailUrl\":\"https:\\\/\\\/comision20dediciembrede1989.org.pa\\\/wp-content\\\/uploads\\\/2022\\\/03\\\/EJES-01.jpg\",\"datePublished\":\"2022-02-19T17:17:40+00:00\",\"dateModified\":\"2026-03-16T19:37:16+00:00\",\"description\":\"La Comisi\u00f3n 20 de Diciembre de 1989 publica el listado de v\u00edctimas seg\u00fan se actualizan las investigaciones sobre la invasi\u00f3n de Panam\u00e1\",\"breadcrumb\":{\"@id\":\"https:\\\/\\\/comision20dediciembrede1989.org.pa\\\/index.php\\\/numero-e-identidad-de-victimas\\\/#breadcrumb\"},\"inLanguage\":\"es\",\"potentialAction\":[{\"@type\":\"ReadAction\",\"target\":[\"https:\\\/\\\/comision20dediciembrede1989.org.pa\\\/index.php\\\/numero-e-identidad-de-victimas\\\/\"]}]},{\"@type\":\"ImageObject\",\"inLanguage\":\"es\",\"@id\":\"https:\\\/\\\/comision20dediciembrede1989.org.pa\\\/index.php\\\/numero-e-identidad-de-victimas\\\/#primaryimage\",\"url\":\"https:\\\/\\\/comision20dediciembrede1989.org.pa\\\/wp-content\\\/uploads\\\/2022\\\/03\\\/EJES-01.jpg\",\"contentUrl\":\"https:\\\/\\\/comision20dediciembrede1989.org.pa\\\/wp-content\\\/uploads\\\/2022\\\/03\\\/EJES-01.jpg\",\"width\":395,\"height\":334,\"caption\":\"N\u00famero e identidad de v\u00edctimas\"},{\"@type\":\"BreadcrumbList\",\"@id\":\"https:\\\/\\\/comision20dediciembrede1989.org.pa\\\/index.php\\\/numero-e-identidad-de-victimas\\\/#breadcrumb\",\"itemListElement\":[{\"@type\":\"ListItem\",\"position\":1,\"name\":\"Portada\",\"item\":\"https:\\\/\\\/comision20dediciembrede1989.org.pa\\\/\"},{\"@type\":\"ListItem\",\"position\":2,\"name\":\"N\u00famero e identidad de v\u00edctimas\"}]},{\"@type\":\"WebSite\",\"@id\":\"https:\\\/\\\/comision20dediciembrede1989.org.pa\\\/#website\",\"url\":\"https:\\\/\\\/comision20dediciembrede1989.org.pa\\\/\",\"name\":\"Comision 20 de diciembre\",\"description\":\"Por la Verdad, la Memoria y la Justicia\",\"potentialAction\":[{\"@type\":\"SearchAction\",\"target\":{\"@type\":\"EntryPoint\",\"urlTemplate\":\"https:\\\/\\\/comision20dediciembrede1989.org.pa\\\/?s={search_term_string}\"},\"query-input\":{\"@type\":\"PropertyValueSpecification\",\"valueRequired\":true,\"valueName\":\"search_term_string\"}}],\"inLanguage\":\"es\"}]}<\/script>\n<!-- \/ Yoast SEO plugin. -->","yoast_head_json":{"title":"N\u00famero e Identidad de V\u00edctimas | Listado | 20 de diciembre 1989","description":"La Comisi\u00f3n 20 de Diciembre de 1989 publica el listado de v\u00edctimas seg\u00fan se actualizan las investigaciones sobre la invasi\u00f3n de Panam\u00e1","robots":{"index":"index","follow":"follow","max-snippet":"max-snippet:-1","max-image-preview":"max-image-preview:large","max-video-preview":"max-video-preview:-1"},"canonical":"https:\/\/comision20dediciembrede1989.org.pa\/index.php\/numero-e-identidad-de-victimas\/","og_locale":"es_ES","og_type":"article","og_title":"N\u00famero e Identidad de V\u00edctimas | Listado | 20 de diciembre 1989","og_description":"La Comisi\u00f3n 20 de Diciembre de 1989 publica el listado de v\u00edctimas seg\u00fan se actualizan las investigaciones sobre la invasi\u00f3n de Panam\u00e1","og_url":"https:\/\/comision20dediciembrede1989.org.pa\/index.php\/numero-e-identidad-de-victimas\/","og_site_name":"Comision 20 de diciembre","article_modified_time":"2026-03-16T19:37:16+00:00","og_image":[{"width":395,"height":334,"url":"http:\/\/comision20dediciembrede1989.org.pa\/wp-content\/uploads\/2022\/03\/EJES-01.jpg","type":"image\/jpeg"}],"twitter_card":"summary_large_image","twitter_misc":{"Tiempo de lectura":"1 minuto"},"schema":{"@context":"https:\/\/schema.org","@graph":[{"@type":"WebPage","@id":"https:\/\/comision20dediciembrede1989.org.pa\/index.php\/numero-e-identidad-de-victimas\/","url":"https:\/\/comision20dediciembrede1989.org.pa\/index.php\/numero-e-identidad-de-victimas\/","name":"N\u00famero e Identidad de V\u00edctimas | Listado | 20 de diciembre 1989","isPartOf":{"@id":"https:\/\/comision20dediciembrede1989.org.pa\/#website"},"primaryImageOfPage":{"@id":"https:\/\/comision20dediciembrede1989.org.pa\/index.php\/numero-e-identidad-de-victimas\/#primaryimage"},"image":{"@id":"https:\/\/comision20dediciembrede1989.org.pa\/index.php\/numero-e-identidad-de-victimas\/#primaryimage"},"thumbnailUrl":"https:\/\/comision20dediciembrede1989.org.pa\/wp-content\/uploads\/2022\/03\/EJES-01.jpg","datePublished":"2022-02-19T17:17:40+00:00","dateModified":"2026-03-16T19:37:16+00:00","description":"La Comisi\u00f3n 20 de Diciembre de 1989 publica el listado de v\u00edctimas seg\u00fan se actualizan las investigaciones sobre la invasi\u00f3n de Panam\u00e1","breadcrumb":{"@id":"https:\/\/comision20dediciembrede1989.org.pa\/index.php\/numero-e-identidad-de-victimas\/#breadcrumb"},"inLanguage":"es","potentialAction":[{"@type":"ReadAction","target":["https:\/\/comision20dediciembrede1989.org.pa\/index.php\/numero-e-identidad-de-victimas\/"]}]},{"@type":"ImageObject","inLanguage":"es","@id":"https:\/\/comision20dediciembrede1989.org.pa\/index.php\/numero-e-identidad-de-victimas\/#primaryimage","url":"https:\/\/comision20dediciembrede1989.org.pa\/wp-content\/uploads\/2022\/03\/EJES-01.jpg","contentUrl":"https:\/\/comision20dediciembrede1989.org.pa\/wp-content\/uploads\/2022\/03\/EJES-01.jpg","width":395,"height":334,"caption":"N\u00famero e identidad de v\u00edctimas"},{"@type":"BreadcrumbList","@id":"https:\/\/comision20dediciembrede1989.org.pa\/index.php\/numero-e-identidad-de-victimas\/#breadcrumb","itemListElement":[{"@type":"ListItem","position":1,"name":"Portada","item":"https:\/\/comision20dediciembrede1989.org.pa\/"},{"@type":"ListItem","position":2,"name":"N\u00famero e identidad de v\u00edctimas"}]},{"@type":"WebSite","@id":"https:\/\/comision20dediciembrede1989.org.pa\/#website","url":"https:\/\/comision20dediciembrede1989.org.pa\/","name":"Comision 20 de diciembre","description":"Por la Verdad, la Memoria y la Justicia","potentialAction":[{"@type":"SearchAction","target":{"@type":"EntryPoint","urlTemplate":"https:\/\/comision20dediciembrede1989.org.pa\/?s={search_term_string}"},"query-input":{"@type":"PropertyValueSpecification","valueRequired":true,"valueName":"search_term_string"}}],"inLanguage":"es"}]}},"_links":{"self":[{"href":"https:\/\/comision20dediciembrede1989.org.pa\/index.php\/wp-json\/wp\/v2\/pages\/2367","targetHints":{"allow":["GET"]}}],"collection":[{"href":"https:\/\/comision20dediciembrede1989.org.pa\/index.php\/wp-json\/wp\/v2\/pages"}],"about":[{"href":"https:\/\/comision20dediciembrede1989.org.pa\/index.php\/wp-json\/wp\/v2\/types\/page"}],"author":[{"embeddable":true,"href":"https:\/\/comision20dediciembrede1989.org.pa\/index.php\/wp-json\/wp\/v2\/users\/7"}],"replies":[{"embeddable":true,"href":"https:\/\/comision20dediciembrede1989.org.pa\/index.php\/wp-json\/wp\/v2\/comments?post=2367"}],"version-history":[{"count":15,"href":"https:\/\/comision20dediciembrede1989.org.pa\/index.php\/wp-json\/wp\/v2\/pages\/2367\/revisions"}],"predecessor-version":[{"id":4364,"href":"https:\/\/comision20dediciembrede1989.org.pa\/index.php\/wp-json\/wp\/v2\/pages\/2367\/revisions\/4364"}],"wp:featuredmedia":[{"embeddable":true,"href":"https:\/\/comision20dediciembrede1989.org.pa\/index.php\/wp-json\/wp\/v2\/media\/2581"}],"wp:attachment":[{"href":"https:\/\/comision20dediciembrede1989.org.pa\/index.php\/wp-json\/wp\/v2\/media?parent=2367"}],"curies":[{"name":"wp","href":"https:\/\/api.w.org\/{rel}","templated":true}]}}