{"id":2322,"date":"2022-02-19T15:45:54","date_gmt":"2022-02-19T15:45:54","guid":{"rendered":"https:\/\/comision20dediciembrede1989.org.pa\/?page_id=2322"},"modified":"2022-06-28T19:18:39","modified_gmt":"2022-06-28T19:18:39","slug":"sesion-informativa-2016","status":"publish","type":"page","link":"https:\/\/comision20dediciembrede1989.org.pa\/index.php\/sesion-informativa-2016\/","title":{"rendered":"Sesi\u00f3n Informativa 2016"},"content":{"rendered":"<p>[vc_row][vc_column][vc_column_text]<a href=\"http:\/\/comision20dediciembrede1989.org.pa\/wp-content\/uploads\/2016\/12\/Loor_a_nuestros_Martires_20_de_diciembre_de_1989.pdf\" target=\"_blank\" rel=\"noopener\">Discurso del Presidente Juan Planells &#8211; Diciembre 2016<\/a>[\/vc_column_text][\/vc_column][\/vc_row]<\/p>\n","protected":false},"excerpt":{"rendered":"<p>[vc_row][vc_column][vc_column_text]Discurso del Presidente Juan Planells &#8211; Diciembre 2016[\/vc_column_text][\/vc_column][\/vc_row]<\/p>\n","protected":false},"author":7,"featured_media":0,"parent":0,"menu_order":0,"comment_status":"closed","ping_status":"closed","template":"","meta":{"footnotes":""},"class_list":["post-2322","page","type-page","status-publish","hentry"],"yoast_head":"<!-- This site is optimized with the Yoast SEO plugin v27.6 - https:\/\/yoast.com\/product\/yoast-seo-wordpress\/ -->\n<title>Sesi\u00f3n Informativa 2016<\/title>\n<meta name=\"description\" content=\"Comisi\u00f3n 20 de diciembre de 1989 realiza Sesi\u00f3n Informativa sobre avances y plan de trabajo en procesos de investigaci\u00f3n sobre los hechos...\" \/>\n<meta name=\"robots\" content=\"index, follow, max-snippet:-1, max-image-preview:large, max-video-preview:-1\" \/>\n<link rel=\"canonical\" href=\"https:\/\/comision20dediciembrede1989.org.pa\/index.php\/sesion-informativa-2016\/\" \/>\n<meta property=\"og:locale\" content=\"es_ES\" \/>\n<meta property=\"og:type\" content=\"article\" \/>\n<meta property=\"og:title\" content=\"Sesi\u00f3n Informativa 2016\" \/>\n<meta property=\"og:description\" content=\"Comisi\u00f3n 20 de diciembre de 1989 realiza Sesi\u00f3n Informativa sobre avances y plan de trabajo en procesos de investigaci\u00f3n sobre los hechos...\" \/>\n<meta property=\"og:url\" content=\"https:\/\/comision20dediciembrede1989.org.pa\/index.php\/sesion-informativa-2016\/\" \/>\n<meta property=\"og:site_name\" content=\"Comision 20 de diciembre\" \/>\n<meta property=\"article:modified_time\" content=\"2022-06-28T19:18:39+00:00\" \/>\n<meta name=\"twitter:card\" content=\"summary_large_image\" \/>\n<meta name=\"twitter:label1\" content=\"Tiempo de lectura\" \/>\n\t<meta name=\"twitter:data1\" content=\"1 minuto\" \/>\n<script type=\"application\/ld+json\" class=\"yoast-schema-graph\">{\"@context\":\"https:\\\/\\\/schema.org\",\"@graph\":[{\"@type\":\"WebPage\",\"@id\":\"https:\\\/\\\/comision20dediciembrede1989.org.pa\\\/index.php\\\/sesion-informativa-2016\\\/\",\"url\":\"https:\\\/\\\/comision20dediciembrede1989.org.pa\\\/index.php\\\/sesion-informativa-2016\\\/\",\"name\":\"Sesi\u00f3n Informativa 2016\",\"isPartOf\":{\"@id\":\"https:\\\/\\\/comision20dediciembrede1989.org.pa\\\/#website\"},\"datePublished\":\"2022-02-19T15:45:54+00:00\",\"dateModified\":\"2022-06-28T19:18:39+00:00\",\"description\":\"Comisi\u00f3n 20 de diciembre de 1989 realiza Sesi\u00f3n Informativa sobre avances y plan de trabajo en procesos de investigaci\u00f3n sobre los hechos...\",\"breadcrumb\":{\"@id\":\"https:\\\/\\\/comision20dediciembrede1989.org.pa\\\/index.php\\\/sesion-informativa-2016\\\/#breadcrumb\"},\"inLanguage\":\"es\",\"potentialAction\":[{\"@type\":\"ReadAction\",\"target\":[\"https:\\\/\\\/comision20dediciembrede1989.org.pa\\\/index.php\\\/sesion-informativa-2016\\\/\"]}]},{\"@type\":\"BreadcrumbList\",\"@id\":\"https:\\\/\\\/comision20dediciembrede1989.org.pa\\\/index.php\\\/sesion-informativa-2016\\\/#breadcrumb\",\"itemListElement\":[{\"@type\":\"ListItem\",\"position\":1,\"name\":\"Portada\",\"item\":\"https:\\\/\\\/comision20dediciembrede1989.org.pa\\\/\"},{\"@type\":\"ListItem\",\"position\":2,\"name\":\"Sesi\u00f3n Informativa 2016\"}]},{\"@type\":\"WebSite\",\"@id\":\"https:\\\/\\\/comision20dediciembrede1989.org.pa\\\/#website\",\"url\":\"https:\\\/\\\/comision20dediciembrede1989.org.pa\\\/\",\"name\":\"Comision 20 de diciembre\",\"description\":\"Por la Verdad, la Memoria y la Justicia\",\"potentialAction\":[{\"@type\":\"SearchAction\",\"target\":{\"@type\":\"EntryPoint\",\"urlTemplate\":\"https:\\\/\\\/comision20dediciembrede1989.org.pa\\\/?s={search_term_string}\"},\"query-input\":{\"@type\":\"PropertyValueSpecification\",\"valueRequired\":true,\"valueName\":\"search_term_string\"}}],\"inLanguage\":\"es\"}]}<\/script>\n<!-- \/ Yoast SEO plugin. -->","yoast_head_json":{"title":"Sesi\u00f3n Informativa 2016","description":"Comisi\u00f3n 20 de diciembre de 1989 realiza Sesi\u00f3n Informativa sobre avances y plan de trabajo en procesos de investigaci\u00f3n sobre los hechos...","robots":{"index":"index","follow":"follow","max-snippet":"max-snippet:-1","max-image-preview":"max-image-preview:large","max-video-preview":"max-video-preview:-1"},"canonical":"https:\/\/comision20dediciembrede1989.org.pa\/index.php\/sesion-informativa-2016\/","og_locale":"es_ES","og_type":"article","og_title":"Sesi\u00f3n Informativa 2016","og_description":"Comisi\u00f3n 20 de diciembre de 1989 realiza Sesi\u00f3n Informativa sobre avances y plan de trabajo en procesos de investigaci\u00f3n sobre los hechos...","og_url":"https:\/\/comision20dediciembrede1989.org.pa\/index.php\/sesion-informativa-2016\/","og_site_name":"Comision 20 de diciembre","article_modified_time":"2022-06-28T19:18:39+00:00","twitter_card":"summary_large_image","twitter_misc":{"Tiempo de lectura":"1 minuto"},"schema":{"@context":"https:\/\/schema.org","@graph":[{"@type":"WebPage","@id":"https:\/\/comision20dediciembrede1989.org.pa\/index.php\/sesion-informativa-2016\/","url":"https:\/\/comision20dediciembrede1989.org.pa\/index.php\/sesion-informativa-2016\/","name":"Sesi\u00f3n Informativa 2016","isPartOf":{"@id":"https:\/\/comision20dediciembrede1989.org.pa\/#website"},"datePublished":"2022-02-19T15:45:54+00:00","dateModified":"2022-06-28T19:18:39+00:00","description":"Comisi\u00f3n 20 de diciembre de 1989 realiza Sesi\u00f3n Informativa sobre avances y plan de trabajo en procesos de investigaci\u00f3n sobre los hechos...","breadcrumb":{"@id":"https:\/\/comision20dediciembrede1989.org.pa\/index.php\/sesion-informativa-2016\/#breadcrumb"},"inLanguage":"es","potentialAction":[{"@type":"ReadAction","target":["https:\/\/comision20dediciembrede1989.org.pa\/index.php\/sesion-informativa-2016\/"]}]},{"@type":"BreadcrumbList","@id":"https:\/\/comision20dediciembrede1989.org.pa\/index.php\/sesion-informativa-2016\/#breadcrumb","itemListElement":[{"@type":"ListItem","position":1,"name":"Portada","item":"https:\/\/comision20dediciembrede1989.org.pa\/"},{"@type":"ListItem","position":2,"name":"Sesi\u00f3n Informativa 2016"}]},{"@type":"WebSite","@id":"https:\/\/comision20dediciembrede1989.org.pa\/#website","url":"https:\/\/comision20dediciembrede1989.org.pa\/","name":"Comision 20 de diciembre","description":"Por la Verdad, la Memoria y la Justicia","potentialAction":[{"@type":"SearchAction","target":{"@type":"EntryPoint","urlTemplate":"https:\/\/comision20dediciembrede1989.org.pa\/?s={search_term_string}"},"query-input":{"@type":"PropertyValueSpecification","valueRequired":true,"valueName":"search_term_string"}}],"inLanguage":"es"}]}},"_links":{"self":[{"href":"https:\/\/comision20dediciembrede1989.org.pa\/index.php\/wp-json\/wp\/v2\/pages\/2322","targetHints":{"allow":["GET"]}}],"collection":[{"href":"https:\/\/comision20dediciembrede1989.org.pa\/index.php\/wp-json\/wp\/v2\/pages"}],"about":[{"href":"https:\/\/comision20dediciembrede1989.org.pa\/index.php\/wp-json\/wp\/v2\/types\/page"}],"author":[{"embeddable":true,"href":"https:\/\/comision20dediciembrede1989.org.pa\/index.php\/wp-json\/wp\/v2\/users\/7"}],"replies":[{"embeddable":true,"href":"https:\/\/comision20dediciembrede1989.org.pa\/index.php\/wp-json\/wp\/v2\/comments?post=2322"}],"version-history":[{"count":1,"href":"https:\/\/comision20dediciembrede1989.org.pa\/index.php\/wp-json\/wp\/v2\/pages\/2322\/revisions"}],"predecessor-version":[{"id":2323,"href":"https:\/\/comision20dediciembrede1989.org.pa\/index.php\/wp-json\/wp\/v2\/pages\/2322\/revisions\/2323"}],"wp:attachment":[{"href":"https:\/\/comision20dediciembrede1989.org.pa\/index.php\/wp-json\/wp\/v2\/media?parent=2322"}],"curies":[{"name":"wp","href":"https:\/\/api.w.org\/{rel}","templated":true}]}}