{"id":2318,"date":"2022-02-19T15:40:10","date_gmt":"2022-02-19T15:40:10","guid":{"rendered":"https:\/\/comision20dediciembrede1989.org.pa\/?page_id=2318"},"modified":"2022-06-28T19:18:05","modified_gmt":"2022-06-28T19:18:05","slug":"acto-de-instalacion","status":"publish","type":"page","link":"https:\/\/comision20dediciembrede1989.org.pa\/index.php\/acto-de-instalacion\/","title":{"rendered":"Acto de Instalaci\u00f3n"},"content":{"rendered":"<p>[vc_row][vc_column][vc_column_text]<a href=\"http:\/\/comision20dediciembrede1989.org.pa\/wp-content\/uploads\/2017\/01\/Discurso_pronunciado_por_el_Comisionado_Presidente_acto_de_instalacion_de_la_Comision.pdf\" target=\"_blank\" rel=\"noopener\">Discurso del Presidente Juan Planells | Acto de Instalaci\u00f3n | Julio 2016<\/a>[\/vc_column_text][\/vc_column][\/vc_row][vc_row][vc_column][vc_gallery type=\u00bbimage_grid\u00bb images=\u00bb2462,2461,2460,2458,2456&#8243; img_size=\u00bbmedium\u00bb][\/vc_column][\/vc_row]<\/p>\n","protected":false},"excerpt":{"rendered":"<p>[vc_row][vc_column][vc_column_text]Discurso del Presidente Juan Planells | Acto de Instalaci\u00f3n | Julio 2016[\/vc_column_text][\/vc_column][\/vc_row][vc_row][vc_column][vc_gallery type=\u00bbimage_grid\u00bb images=\u00bb2462,2461,2460,2458,2456&#8243; img_size=\u00bbmedium\u00bb][\/vc_column][\/vc_row]<\/p>\n","protected":false},"author":7,"featured_media":0,"parent":0,"menu_order":0,"comment_status":"closed","ping_status":"closed","template":"","meta":{"footnotes":""},"class_list":["post-2318","page","type-page","status-publish","hentry"],"yoast_head":"<!-- This site is optimized with the Yoast SEO plugin v27.3 - https:\/\/yoast.com\/product\/yoast-seo-wordpress\/ -->\n<title>Acto de Instalaci\u00f3n - Comisi\u00f3n 20 de diciembre de 1989 | Panam\u00e1<\/title>\n<meta name=\"description\" content=\"Acto de Instalaci\u00f3n - Comisi\u00f3n 20 de diciembre de 1989 | Panam\u00e1, Julio 2016 | Discurso del Presidente Juan Planells - Fotos\" \/>\n<meta name=\"robots\" content=\"index, follow, max-snippet:-1, max-image-preview:large, max-video-preview:-1\" \/>\n<link rel=\"canonical\" href=\"https:\/\/comision20dediciembrede1989.org.pa\/index.php\/acto-de-instalacion\/\" \/>\n<meta property=\"og:locale\" content=\"es_ES\" \/>\n<meta property=\"og:type\" content=\"article\" \/>\n<meta property=\"og:title\" content=\"Acto de Instalaci\u00f3n - Comisi\u00f3n 20 de diciembre de 1989 | Panam\u00e1\" \/>\n<meta property=\"og:description\" content=\"Acto de Instalaci\u00f3n - Comisi\u00f3n 20 de diciembre de 1989 | Panam\u00e1, Julio 2016 | Discurso del Presidente Juan Planells - Fotos\" \/>\n<meta property=\"og:url\" content=\"https:\/\/comision20dediciembrede1989.org.pa\/index.php\/acto-de-instalacion\/\" \/>\n<meta property=\"og:site_name\" content=\"Comision 20 de diciembre\" \/>\n<meta property=\"article:modified_time\" content=\"2022-06-28T19:18:05+00:00\" \/>\n<meta name=\"twitter:card\" content=\"summary_large_image\" \/>\n<meta name=\"twitter:label1\" content=\"Tiempo de lectura\" \/>\n\t<meta name=\"twitter:data1\" content=\"1 minuto\" \/>\n<script type=\"application\/ld+json\" class=\"yoast-schema-graph\">{\"@context\":\"https:\\\/\\\/schema.org\",\"@graph\":[{\"@type\":\"WebPage\",\"@id\":\"https:\\\/\\\/comision20dediciembrede1989.org.pa\\\/index.php\\\/acto-de-instalacion\\\/\",\"url\":\"https:\\\/\\\/comision20dediciembrede1989.org.pa\\\/index.php\\\/acto-de-instalacion\\\/\",\"name\":\"Acto de Instalaci\u00f3n - Comisi\u00f3n 20 de diciembre de 1989 | Panam\u00e1\",\"isPartOf\":{\"@id\":\"https:\\\/\\\/comision20dediciembrede1989.org.pa\\\/#website\"},\"datePublished\":\"2022-02-19T15:40:10+00:00\",\"dateModified\":\"2022-06-28T19:18:05+00:00\",\"description\":\"Acto de Instalaci\u00f3n - Comisi\u00f3n 20 de diciembre de 1989 | Panam\u00e1, Julio 2016 | Discurso del Presidente Juan Planells - Fotos\",\"breadcrumb\":{\"@id\":\"https:\\\/\\\/comision20dediciembrede1989.org.pa\\\/index.php\\\/acto-de-instalacion\\\/#breadcrumb\"},\"inLanguage\":\"es\",\"potentialAction\":[{\"@type\":\"ReadAction\",\"target\":[\"https:\\\/\\\/comision20dediciembrede1989.org.pa\\\/index.php\\\/acto-de-instalacion\\\/\"]}]},{\"@type\":\"BreadcrumbList\",\"@id\":\"https:\\\/\\\/comision20dediciembrede1989.org.pa\\\/index.php\\\/acto-de-instalacion\\\/#breadcrumb\",\"itemListElement\":[{\"@type\":\"ListItem\",\"position\":1,\"name\":\"Portada\",\"item\":\"https:\\\/\\\/comision20dediciembrede1989.org.pa\\\/\"},{\"@type\":\"ListItem\",\"position\":2,\"name\":\"Acto de Instalaci\u00f3n\"}]},{\"@type\":\"WebSite\",\"@id\":\"https:\\\/\\\/comision20dediciembrede1989.org.pa\\\/#website\",\"url\":\"https:\\\/\\\/comision20dediciembrede1989.org.pa\\\/\",\"name\":\"Comision 20 de diciembre\",\"description\":\"Por la Verdad, la Memoria y la Justicia\",\"potentialAction\":[{\"@type\":\"SearchAction\",\"target\":{\"@type\":\"EntryPoint\",\"urlTemplate\":\"https:\\\/\\\/comision20dediciembrede1989.org.pa\\\/?s={search_term_string}\"},\"query-input\":{\"@type\":\"PropertyValueSpecification\",\"valueRequired\":true,\"valueName\":\"search_term_string\"}}],\"inLanguage\":\"es\"}]}<\/script>\n<!-- \/ Yoast SEO plugin. -->","yoast_head_json":{"title":"Acto de Instalaci\u00f3n - Comisi\u00f3n 20 de diciembre de 1989 | Panam\u00e1","description":"Acto de Instalaci\u00f3n - Comisi\u00f3n 20 de diciembre de 1989 | Panam\u00e1, Julio 2016 | Discurso del Presidente Juan Planells - Fotos","robots":{"index":"index","follow":"follow","max-snippet":"max-snippet:-1","max-image-preview":"max-image-preview:large","max-video-preview":"max-video-preview:-1"},"canonical":"https:\/\/comision20dediciembrede1989.org.pa\/index.php\/acto-de-instalacion\/","og_locale":"es_ES","og_type":"article","og_title":"Acto de Instalaci\u00f3n - Comisi\u00f3n 20 de diciembre de 1989 | Panam\u00e1","og_description":"Acto de Instalaci\u00f3n - Comisi\u00f3n 20 de diciembre de 1989 | Panam\u00e1, Julio 2016 | Discurso del Presidente Juan Planells - Fotos","og_url":"https:\/\/comision20dediciembrede1989.org.pa\/index.php\/acto-de-instalacion\/","og_site_name":"Comision 20 de diciembre","article_modified_time":"2022-06-28T19:18:05+00:00","twitter_card":"summary_large_image","twitter_misc":{"Tiempo de lectura":"1 minuto"},"schema":{"@context":"https:\/\/schema.org","@graph":[{"@type":"WebPage","@id":"https:\/\/comision20dediciembrede1989.org.pa\/index.php\/acto-de-instalacion\/","url":"https:\/\/comision20dediciembrede1989.org.pa\/index.php\/acto-de-instalacion\/","name":"Acto de Instalaci\u00f3n - Comisi\u00f3n 20 de diciembre de 1989 | Panam\u00e1","isPartOf":{"@id":"https:\/\/comision20dediciembrede1989.org.pa\/#website"},"datePublished":"2022-02-19T15:40:10+00:00","dateModified":"2022-06-28T19:18:05+00:00","description":"Acto de Instalaci\u00f3n - Comisi\u00f3n 20 de diciembre de 1989 | Panam\u00e1, Julio 2016 | Discurso del Presidente Juan Planells - Fotos","breadcrumb":{"@id":"https:\/\/comision20dediciembrede1989.org.pa\/index.php\/acto-de-instalacion\/#breadcrumb"},"inLanguage":"es","potentialAction":[{"@type":"ReadAction","target":["https:\/\/comision20dediciembrede1989.org.pa\/index.php\/acto-de-instalacion\/"]}]},{"@type":"BreadcrumbList","@id":"https:\/\/comision20dediciembrede1989.org.pa\/index.php\/acto-de-instalacion\/#breadcrumb","itemListElement":[{"@type":"ListItem","position":1,"name":"Portada","item":"https:\/\/comision20dediciembrede1989.org.pa\/"},{"@type":"ListItem","position":2,"name":"Acto de Instalaci\u00f3n"}]},{"@type":"WebSite","@id":"https:\/\/comision20dediciembrede1989.org.pa\/#website","url":"https:\/\/comision20dediciembrede1989.org.pa\/","name":"Comision 20 de diciembre","description":"Por la Verdad, la Memoria y la Justicia","potentialAction":[{"@type":"SearchAction","target":{"@type":"EntryPoint","urlTemplate":"https:\/\/comision20dediciembrede1989.org.pa\/?s={search_term_string}"},"query-input":{"@type":"PropertyValueSpecification","valueRequired":true,"valueName":"search_term_string"}}],"inLanguage":"es"}]}},"_links":{"self":[{"href":"https:\/\/comision20dediciembrede1989.org.pa\/index.php\/wp-json\/wp\/v2\/pages\/2318","targetHints":{"allow":["GET"]}}],"collection":[{"href":"https:\/\/comision20dediciembrede1989.org.pa\/index.php\/wp-json\/wp\/v2\/pages"}],"about":[{"href":"https:\/\/comision20dediciembrede1989.org.pa\/index.php\/wp-json\/wp\/v2\/types\/page"}],"author":[{"embeddable":true,"href":"https:\/\/comision20dediciembrede1989.org.pa\/index.php\/wp-json\/wp\/v2\/users\/7"}],"replies":[{"embeddable":true,"href":"https:\/\/comision20dediciembrede1989.org.pa\/index.php\/wp-json\/wp\/v2\/comments?post=2318"}],"version-history":[{"count":3,"href":"https:\/\/comision20dediciembrede1989.org.pa\/index.php\/wp-json\/wp\/v2\/pages\/2318\/revisions"}],"predecessor-version":[{"id":2681,"href":"https:\/\/comision20dediciembrede1989.org.pa\/index.php\/wp-json\/wp\/v2\/pages\/2318\/revisions\/2681"}],"wp:attachment":[{"href":"https:\/\/comision20dediciembrede1989.org.pa\/index.php\/wp-json\/wp\/v2\/media?parent=2318"}],"curies":[{"name":"wp","href":"https:\/\/api.w.org\/{rel}","templated":true}]}}