{"id":2313,"date":"2022-02-19T15:20:19","date_gmt":"2022-02-19T15:20:19","guid":{"rendered":"https:\/\/comision20dediciembrede1989.org.pa\/?page_id=2313"},"modified":"2026-01-07T00:39:54","modified_gmt":"2026-01-07T00:39:54","slug":"sesiones-informativas","status":"publish","type":"page","link":"https:\/\/comision20dediciembrede1989.org.pa\/index.php\/sesiones-informativas\/","title":{"rendered":"Sesiones Informativas"},"content":{"rendered":"<p>[vc_row][vc_column][vc_column_text]<a href=\"http:\/\/comision20dediciembrede1989.org.pa\/wp-content\/uploads\/2016\/12\/Loor_a_nuestros_Martires_20_de_diciembre_de_1989.pdf\" target=\"_blank\" rel=\"noopener\">Discurso del Presidente Juan Planells &#8211; Diciembre 2016<\/a>[\/vc_column_text][\/vc_column][\/vc_row][vc_row][vc_column][vc_column_text]<a href=\"http:\/\/comision20dediciembrede1989.org.pa\/wp-content\/uploads\/2018\/01\/Discurso_20_de_diciembre_2017.pdf\" target=\"_blank\" rel=\"noopener\">Discurso del Presidente Juan Planells &#8211; Diciembre 2017<\/a>[\/vc_column_text][\/vc_column][\/vc_row][vc_row][vc_column width=\u00bb1\/3&#8243;][vc_video link=\u00bbhttps:\/\/youtu.be\/eQePlw2dZyA\u00bb title=\u00bbIV Sesi\u00f3n P\u00fablica &#8211; Clip 1&#8243;][\/vc_column][vc_column width=\u00bb1\/3&#8243;][vc_video link=\u00bbhttps:\/\/youtu.be\/GbWjubN_Yco\u00bb title=\u00bbIV Sesi\u00f3n P\u00fablica &#8211; Clip 2&#8243;][\/vc_column][vc_column width=\u00bb1\/3&#8243;][vc_video link=\u00bbhttps:\/\/youtu.be\/QZVgzuNfa6A\u00bb title=\u00bbIV Sesi\u00f3n P\u00fablica &#8211; Clip 3&#8243;][\/vc_column][\/vc_row][vc_row][vc_column][vc_column_text]<a href=\"http:\/\/comision20dediciembrede1989.org.pa\/wp-content\/uploads\/2018\/12\/Palabras_Ing_Planells_Jard%C3%ADn_Paz_diciembre_20_2018.pdf\" target=\"_blank\" rel=\"noopener\">Discurso del Presidente Juan Planells &#8211; Diciembre 2018<\/a>[\/vc_column_text][vc_gallery type=\u00bbimage_grid\u00bb images=\u00bb2794,2795,2796,2797,2798,2799,2800,2801,2802,2803,2804,2805,2806,2807,2808,2809,2810,2811,2812,2813,2814&#8243; title=\u00bbFotos &#8211; Sesi\u00f3n Informativa 2018&#8243;][\/vc_column][\/vc_row][vc_row][vc_column][vc_column_text]<a href=\"https:\/\/comision20dediciembrede1989.org.pa\/wp-content\/uploads\/2023\/01\/Trnscripcion-del-discurso-de-Juan-Planells-2019.pdf\" target=\"_blank\" rel=\"noopener\">Discurso del Presidente Juan Planells &#8211; Diciembre 2019<\/a>[\/vc_column_text][\/vc_column][\/vc_row][vc_row][vc_column width=\u00bb1\/3&#8243;][vc_video link=\u00bbhttps:\/\/youtu.be\/aS0hSiTnIw4&#8243; title=\u00bbVII sesi\u00f3n p\u00fablica informativa &#8211; 2020&#8243;][\/vc_column][vc_column width=\u00bb1\/3&#8243;][\/vc_column][vc_column width=\u00bb1\/3&#8243;][\/vc_column][\/vc_row][vc_row][vc_column][vc_column_text]<a href=\"https:\/\/comision20dediciembrede1989.org.pa\/wp-content\/uploads\/2022\/02\/Mensaje%20Planells%202021%20-%20membrete.pdf\" target=\"_blank\" rel=\"noopener\">Discurso del Presidente Juan Planells &#8211; Diciembre 2021<\/a>[\/vc_column_text][\/vc_column][\/vc_row][vc_row][vc_column width=\u00bb1\/3&#8243;][vc_video link=\u00bbhttps:\/\/www.youtube.com\/watch?v=zeU10ziT9G4&#8243; title=\u00bbVII Sesi\u00f3n p\u00fablica informativa &#8211; 2024&#8243;][\/vc_column][vc_column width=\u00bb1\/3&#8243;][\/vc_column][vc_column width=\u00bb1\/3&#8243;][\/vc_column][\/vc_row][vc_row][vc_column][vc_column_text]<a href=\"http:\/\/comision20dediciembrede1989.org.pa\/wp-content\/uploads\/2024\/12\/Discurso-20-dic.2024-Jardin-de-Paz.pdf\" target=\"_blank\" rel=\"noopener\">Discurso del Dr. Rolando Murgas Torrazza, Comisionado Presidente en el Jard\u00edn de Paz &#8211; Diciembre 2024<\/a>[\/vc_column_text][vc_gallery type=\u00bbimage_grid\u00bb images=\u00bb3736,3735,3734,3733,3732,3731,3730,3729,3728,3727,3726,3725&#8243;][\/vc_column][\/vc_row][vc_row][vc_column width=\u00bb1\/3&#8243;][vc_video link=\u00bbhttps:\/\/www.youtube.com\/watch?v=xlIJ6-iibJc\u00bb title=\u00bbX Sesi\u00f3n p\u00fablica informativa &#8211; 2025&#8243;][\/vc_column][vc_column width=\u00bb1\/3&#8243;][\/vc_column][vc_column width=\u00bb1\/3&#8243;][\/vc_column][\/vc_row][vc_row][vc_column][vc_column_text]<a href=\"http:\/\/comision20dediciembrede1989.org.pa\/wp-content\/uploads\/2025\/12\/COM.20dic-discr.20dic.2025-Final.pdf\" target=\"_blank\" rel=\"noopener\">Discurso del Dr. Rolando Murgas Torrazza, Comisionado Presidente &#8211; Diciembre 2025<\/a>[\/vc_column_text][\/vc_column][\/vc_row]<\/p>\n","protected":false},"excerpt":{"rendered":"<p>[vc_row][vc_column][vc_column_text]Discurso del Presidente Juan Planells &#8211; Diciembre 2016[\/vc_column_text][\/vc_column][\/vc_row][vc_row][vc_column][vc_column_text]Discurso del Presidente Juan Planells &#8211; Diciembre 2017[\/vc_column_text][\/vc_column][\/vc_row][vc_row][vc_column width=\u00bb1\/3&#8243;][vc_video link=\u00bbhttps:\/\/youtu.be\/eQePlw2dZyA\u00bb title=\u00bbIV Sesi\u00f3n P\u00fablica &#8211; Clip 1&#8243;][\/vc_column][vc_column width=\u00bb1\/3&#8243;][vc_video link=\u00bbhttps:\/\/youtu.be\/GbWjubN_Yco\u00bb title=\u00bbIV Sesi\u00f3n P\u00fablica &#8211; Clip 2&#8243;][\/vc_column][vc_column width=\u00bb1\/3&#8243;][vc_video link=\u00bbhttps:\/\/youtu.be\/QZVgzuNfa6A\u00bb title=\u00bbIV Sesi\u00f3n P\u00fablica &#8211; Clip 3&#8243;][\/vc_column][\/vc_row][vc_row][vc_column][vc_column_text]Discurso del Presidente Juan Planells &#8211; Diciembre 2018[\/vc_column_text][vc_gallery type=\u00bbimage_grid\u00bb images=\u00bb2794,2795,2796,2797,2798,2799,2800,2801,2802,2803,2804,2805,2806,2807,2808,2809,2810,2811,2812,2813,2814&#8243; title=\u00bbFotos &#8211; Sesi\u00f3n Informativa 2018&#8243;][\/vc_column][\/vc_row][vc_row][vc_column][vc_column_text]Discurso del Presidente Juan Planells &#8211; Diciembre 2019[\/vc_column_text][\/vc_column][\/vc_row][vc_row][vc_column width=\u00bb1\/3&#8243;][vc_video link=\u00bbhttps:\/\/youtu.be\/aS0hSiTnIw4&#8243; title=\u00bbVII sesi\u00f3n p\u00fablica informativa &#8211; 2020&#8243;][\/vc_column][vc_column width=\u00bb1\/3&#8243;][\/vc_column][vc_column width=\u00bb1\/3&#8243;][\/vc_column][\/vc_row][vc_row][vc_column][vc_column_text]Discurso del Presidente Juan Planells &#8211; Diciembre 2021[\/vc_column_text][\/vc_column][\/vc_row][vc_row][vc_column width=\u00bb1\/3&#8243;][vc_video link=\u00bbhttps:\/\/www.youtube.com\/watch?v=zeU10ziT9G4&#8243; title=\u00bbVII Sesi\u00f3n p\u00fablica informativa &#8211; 2024&#8243;][\/vc_column][vc_column width=\u00bb1\/3&#8243;][\/vc_column][vc_column width=\u00bb1\/3&#8243;][\/vc_column][\/vc_row][vc_row][vc_column][vc_column_text]Discurso del Dr. Rolando Murgas Torrazza, Comisionado Presidente en el Jard\u00edn de Paz &#8211; Diciembre 2024[\/vc_column_text][vc_gallery type=\u00bbimage_grid\u00bb images=\u00bb3736,3735,3734,3733,3732,3731,3730,3729,3728,3727,3726,3725&#8243;][\/vc_column][\/vc_row][vc_row][vc_column width=\u00bb1\/3&#8243;][vc_video link=\u00bbhttps:\/\/www.youtube.com\/watch?v=xlIJ6-iibJc\u00bb title=\u00bbX Sesi\u00f3n p\u00fablica informativa &#8211; 2025&#8243;][\/vc_column][vc_column width=\u00bb1\/3&#8243;][\/vc_column][vc_column width=\u00bb1\/3&#8243;][\/vc_column][\/vc_row][vc_row][vc_column][vc_column_text]Discurso del Dr. Rolando Murgas Torrazza, Comisionado Presidente &#8211; Diciembre 2025[\/vc_column_text][\/vc_column][\/vc_row]<\/p>\n","protected":false},"author":7,"featured_media":2510,"parent":0,"menu_order":0,"comment_status":"closed","ping_status":"closed","template":"","meta":{"footnotes":""},"class_list":["post-2313","page","type-page","status-publish","has-post-thumbnail","hentry"],"yoast_head":"<!-- This site is optimized with the Yoast SEO plugin v27.3 - https:\/\/yoast.com\/product\/yoast-seo-wordpress\/ -->\n<title>Sesiones informativas | Comisi\u00f3n 20 de Diciembre de 1989<\/title>\n<meta name=\"description\" content=\"Anualmente la comisi\u00f3n realiza sesiones informativas de avances en las investigaciones de los hechos ocurridos durante la invasi\u00f3n de EEUU\" \/>\n<meta name=\"robots\" content=\"index, follow, max-snippet:-1, max-image-preview:large, max-video-preview:-1\" \/>\n<link rel=\"canonical\" href=\"https:\/\/comision20dediciembrede1989.org.pa\/index.php\/sesiones-informativas\/\" \/>\n<meta property=\"og:locale\" content=\"es_ES\" \/>\n<meta property=\"og:type\" content=\"article\" \/>\n<meta property=\"og:title\" content=\"Sesiones informativas | Comisi\u00f3n 20 de Diciembre de 1989\" \/>\n<meta property=\"og:description\" content=\"Anualmente la comisi\u00f3n realiza sesiones informativas de avances en las investigaciones de los hechos ocurridos durante la invasi\u00f3n de EEUU\" \/>\n<meta property=\"og:url\" content=\"https:\/\/comision20dediciembrede1989.org.pa\/index.php\/sesiones-informativas\/\" \/>\n<meta property=\"og:site_name\" content=\"Comision 20 de diciembre\" \/>\n<meta property=\"article:modified_time\" content=\"2026-01-07T00:39:54+00:00\" \/>\n<meta property=\"og:image\" content=\"http:\/\/comision20dediciembrede1989.org.pa\/wp-content\/uploads\/2022\/03\/IMG_1440.jpg\" \/>\n\t<meta property=\"og:image:width\" content=\"1920\" \/>\n\t<meta property=\"og:image:height\" content=\"1080\" \/>\n\t<meta property=\"og:image:type\" content=\"image\/jpeg\" \/>\n<meta name=\"twitter:card\" content=\"summary_large_image\" \/>\n<meta name=\"twitter:label1\" content=\"Tiempo de lectura\" \/>\n\t<meta name=\"twitter:data1\" content=\"3 minutos\" \/>\n<script type=\"application\/ld+json\" class=\"yoast-schema-graph\">{\"@context\":\"https:\\\/\\\/schema.org\",\"@graph\":[{\"@type\":\"WebPage\",\"@id\":\"https:\\\/\\\/comision20dediciembrede1989.org.pa\\\/index.php\\\/sesiones-informativas\\\/\",\"url\":\"https:\\\/\\\/comision20dediciembrede1989.org.pa\\\/index.php\\\/sesiones-informativas\\\/\",\"name\":\"Sesiones informativas | Comisi\u00f3n 20 de Diciembre de 1989\",\"isPartOf\":{\"@id\":\"https:\\\/\\\/comision20dediciembrede1989.org.pa\\\/#website\"},\"primaryImageOfPage\":{\"@id\":\"https:\\\/\\\/comision20dediciembrede1989.org.pa\\\/index.php\\\/sesiones-informativas\\\/#primaryimage\"},\"image\":{\"@id\":\"https:\\\/\\\/comision20dediciembrede1989.org.pa\\\/index.php\\\/sesiones-informativas\\\/#primaryimage\"},\"thumbnailUrl\":\"https:\\\/\\\/comision20dediciembrede1989.org.pa\\\/wp-content\\\/uploads\\\/2022\\\/03\\\/IMG_1440.jpg\",\"datePublished\":\"2022-02-19T15:20:19+00:00\",\"dateModified\":\"2026-01-07T00:39:54+00:00\",\"description\":\"Anualmente la comisi\u00f3n realiza sesiones informativas de avances en las investigaciones de los hechos ocurridos durante la invasi\u00f3n de EEUU\",\"breadcrumb\":{\"@id\":\"https:\\\/\\\/comision20dediciembrede1989.org.pa\\\/index.php\\\/sesiones-informativas\\\/#breadcrumb\"},\"inLanguage\":\"es\",\"potentialAction\":[{\"@type\":\"ReadAction\",\"target\":[\"https:\\\/\\\/comision20dediciembrede1989.org.pa\\\/index.php\\\/sesiones-informativas\\\/\"]}]},{\"@type\":\"ImageObject\",\"inLanguage\":\"es\",\"@id\":\"https:\\\/\\\/comision20dediciembrede1989.org.pa\\\/index.php\\\/sesiones-informativas\\\/#primaryimage\",\"url\":\"https:\\\/\\\/comision20dediciembrede1989.org.pa\\\/wp-content\\\/uploads\\\/2022\\\/03\\\/IMG_1440.jpg\",\"contentUrl\":\"https:\\\/\\\/comision20dediciembrede1989.org.pa\\\/wp-content\\\/uploads\\\/2022\\\/03\\\/IMG_1440.jpg\",\"width\":1920,\"height\":1080},{\"@type\":\"BreadcrumbList\",\"@id\":\"https:\\\/\\\/comision20dediciembrede1989.org.pa\\\/index.php\\\/sesiones-informativas\\\/#breadcrumb\",\"itemListElement\":[{\"@type\":\"ListItem\",\"position\":1,\"name\":\"Portada\",\"item\":\"https:\\\/\\\/comision20dediciembrede1989.org.pa\\\/\"},{\"@type\":\"ListItem\",\"position\":2,\"name\":\"Sesiones Informativas\"}]},{\"@type\":\"WebSite\",\"@id\":\"https:\\\/\\\/comision20dediciembrede1989.org.pa\\\/#website\",\"url\":\"https:\\\/\\\/comision20dediciembrede1989.org.pa\\\/\",\"name\":\"Comision 20 de diciembre\",\"description\":\"Por la Verdad, la Memoria y la Justicia\",\"potentialAction\":[{\"@type\":\"SearchAction\",\"target\":{\"@type\":\"EntryPoint\",\"urlTemplate\":\"https:\\\/\\\/comision20dediciembrede1989.org.pa\\\/?s={search_term_string}\"},\"query-input\":{\"@type\":\"PropertyValueSpecification\",\"valueRequired\":true,\"valueName\":\"search_term_string\"}}],\"inLanguage\":\"es\"}]}<\/script>\n<!-- \/ Yoast SEO plugin. -->","yoast_head_json":{"title":"Sesiones informativas | Comisi\u00f3n 20 de Diciembre de 1989","description":"Anualmente la comisi\u00f3n realiza sesiones informativas de avances en las investigaciones de los hechos ocurridos durante la invasi\u00f3n de EEUU","robots":{"index":"index","follow":"follow","max-snippet":"max-snippet:-1","max-image-preview":"max-image-preview:large","max-video-preview":"max-video-preview:-1"},"canonical":"https:\/\/comision20dediciembrede1989.org.pa\/index.php\/sesiones-informativas\/","og_locale":"es_ES","og_type":"article","og_title":"Sesiones informativas | Comisi\u00f3n 20 de Diciembre de 1989","og_description":"Anualmente la comisi\u00f3n realiza sesiones informativas de avances en las investigaciones de los hechos ocurridos durante la invasi\u00f3n de EEUU","og_url":"https:\/\/comision20dediciembrede1989.org.pa\/index.php\/sesiones-informativas\/","og_site_name":"Comision 20 de diciembre","article_modified_time":"2026-01-07T00:39:54+00:00","og_image":[{"width":1920,"height":1080,"url":"http:\/\/comision20dediciembrede1989.org.pa\/wp-content\/uploads\/2022\/03\/IMG_1440.jpg","type":"image\/jpeg"}],"twitter_card":"summary_large_image","twitter_misc":{"Tiempo de lectura":"3 minutos"},"schema":{"@context":"https:\/\/schema.org","@graph":[{"@type":"WebPage","@id":"https:\/\/comision20dediciembrede1989.org.pa\/index.php\/sesiones-informativas\/","url":"https:\/\/comision20dediciembrede1989.org.pa\/index.php\/sesiones-informativas\/","name":"Sesiones informativas | Comisi\u00f3n 20 de Diciembre de 1989","isPartOf":{"@id":"https:\/\/comision20dediciembrede1989.org.pa\/#website"},"primaryImageOfPage":{"@id":"https:\/\/comision20dediciembrede1989.org.pa\/index.php\/sesiones-informativas\/#primaryimage"},"image":{"@id":"https:\/\/comision20dediciembrede1989.org.pa\/index.php\/sesiones-informativas\/#primaryimage"},"thumbnailUrl":"https:\/\/comision20dediciembrede1989.org.pa\/wp-content\/uploads\/2022\/03\/IMG_1440.jpg","datePublished":"2022-02-19T15:20:19+00:00","dateModified":"2026-01-07T00:39:54+00:00","description":"Anualmente la comisi\u00f3n realiza sesiones informativas de avances en las investigaciones de los hechos ocurridos durante la invasi\u00f3n de EEUU","breadcrumb":{"@id":"https:\/\/comision20dediciembrede1989.org.pa\/index.php\/sesiones-informativas\/#breadcrumb"},"inLanguage":"es","potentialAction":[{"@type":"ReadAction","target":["https:\/\/comision20dediciembrede1989.org.pa\/index.php\/sesiones-informativas\/"]}]},{"@type":"ImageObject","inLanguage":"es","@id":"https:\/\/comision20dediciembrede1989.org.pa\/index.php\/sesiones-informativas\/#primaryimage","url":"https:\/\/comision20dediciembrede1989.org.pa\/wp-content\/uploads\/2022\/03\/IMG_1440.jpg","contentUrl":"https:\/\/comision20dediciembrede1989.org.pa\/wp-content\/uploads\/2022\/03\/IMG_1440.jpg","width":1920,"height":1080},{"@type":"BreadcrumbList","@id":"https:\/\/comision20dediciembrede1989.org.pa\/index.php\/sesiones-informativas\/#breadcrumb","itemListElement":[{"@type":"ListItem","position":1,"name":"Portada","item":"https:\/\/comision20dediciembrede1989.org.pa\/"},{"@type":"ListItem","position":2,"name":"Sesiones Informativas"}]},{"@type":"WebSite","@id":"https:\/\/comision20dediciembrede1989.org.pa\/#website","url":"https:\/\/comision20dediciembrede1989.org.pa\/","name":"Comision 20 de diciembre","description":"Por la Verdad, la Memoria y la Justicia","potentialAction":[{"@type":"SearchAction","target":{"@type":"EntryPoint","urlTemplate":"https:\/\/comision20dediciembrede1989.org.pa\/?s={search_term_string}"},"query-input":{"@type":"PropertyValueSpecification","valueRequired":true,"valueName":"search_term_string"}}],"inLanguage":"es"}]}},"_links":{"self":[{"href":"https:\/\/comision20dediciembrede1989.org.pa\/index.php\/wp-json\/wp\/v2\/pages\/2313","targetHints":{"allow":["GET"]}}],"collection":[{"href":"https:\/\/comision20dediciembrede1989.org.pa\/index.php\/wp-json\/wp\/v2\/pages"}],"about":[{"href":"https:\/\/comision20dediciembrede1989.org.pa\/index.php\/wp-json\/wp\/v2\/types\/page"}],"author":[{"embeddable":true,"href":"https:\/\/comision20dediciembrede1989.org.pa\/index.php\/wp-json\/wp\/v2\/users\/7"}],"replies":[{"embeddable":true,"href":"https:\/\/comision20dediciembrede1989.org.pa\/index.php\/wp-json\/wp\/v2\/comments?post=2313"}],"version-history":[{"count":21,"href":"https:\/\/comision20dediciembrede1989.org.pa\/index.php\/wp-json\/wp\/v2\/pages\/2313\/revisions"}],"predecessor-version":[{"id":4227,"href":"https:\/\/comision20dediciembrede1989.org.pa\/index.php\/wp-json\/wp\/v2\/pages\/2313\/revisions\/4227"}],"wp:featuredmedia":[{"embeddable":true,"href":"https:\/\/comision20dediciembrede1989.org.pa\/index.php\/wp-json\/wp\/v2\/media\/2510"}],"wp:attachment":[{"href":"https:\/\/comision20dediciembrede1989.org.pa\/index.php\/wp-json\/wp\/v2\/media?parent=2313"}],"curies":[{"name":"wp","href":"https:\/\/api.w.org\/{rel}","templated":true}]}}