{"id":176,"date":"2016-08-23T23:03:26","date_gmt":"2016-08-23T23:03:26","guid":{"rendered":"http:\/\/comision20dediciembrede1989.org.pa\/?page_id=176"},"modified":"2022-06-28T19:18:39","modified_gmt":"2022-06-28T19:18:39","slug":"quienes-somos","status":"publish","type":"page","link":"https:\/\/comision20dediciembrede1989.org.pa\/index.php\/quienes-somos\/","title":{"rendered":"Qui\u00e9nes Somos"},"content":{"rendered":"<p><a href=\"http:\/\/comision20dediciembrede1989.org.pa\">Regresar al Inicio<\/a><\/p>\n<p style=\"text-align: center;\"><img fetchpriority=\"high\" decoding=\"async\" class=\"alignnone size-full wp-image-92\" src=\"http:\/\/comision20dediciembrede1989.org.pa\/wp-content\/uploads\/2016\/08\/wm_254685_800x600_crop_579044302d4f3.png\" alt=\"wm_254685_800x600_crop_579044302d4f3\" width=\"548\" height=\"411\" \/><\/p>\n<p style=\"text-align: justify;\">La Comisi\u00f3n 20 de diciembre de 1989 es un grupo representativo de paname\u00f1os integrado por ciudadanos reconocidos por la constancia de sus trayectorias en diferentes sectores de la actividad nacional, acad\u00e9mica, empresarial y profesional, quienes comparten el haber trabajado por a\u00f1os por el reconocimiento y la promoci\u00f3n de los derechos humanos.<\/p>\n<p>&nbsp;<\/p>\n<ul class='nav nav-pills'>\n<li class='active'><a data-toggle=\"tab\" href='#jplannels'>&nbsp;Juan Planells&nbsp;<\/a><\/li>\n<li><a data-toggle=\"tab\" href='#eillueca'>&nbsp;Enrique Illueca&nbsp;<\/a><\/li>\n<li><a data-toggle=\"tab\" href='#mjaen'>&nbsp;Maribel Ja\u00e9n&nbsp;<\/a><\/li>\n<li><a data-toggle=\"tab\" href='#sjaramillo'>&nbsp;Svetlana Jaramillo&nbsp;<\/a><\/li>\n<li><a data-toggle=\"tab\" href='#rmurgas'>&nbsp;Rolando Murgas&nbsp;<\/a><\/li>\n<\/ul>\n<div class='tab-content'>\n<div id='jplannels' class='tab-pane fade in active'>\n<table style=\"border: 1px solid #FFFFFF;\" border=\"0\" width=\"60%\">\n<tbody>\n<tr>\n<td align=\"center\" valign=\"top\"><img decoding=\"async\" class=\"alignnone size-medium wp-image-221\" src=\"http:\/\/comision20dediciembrede1989.org.pa\/wp-content\/uploads\/2016\/08\/jplanels-265x300.png\" alt=\"jplanels\" width=\"265\" height=\"300\" srcset=\"https:\/\/comision20dediciembrede1989.org.pa\/wp-content\/uploads\/2016\/08\/jplanels-265x300.png 265w, https:\/\/comision20dediciembrede1989.org.pa\/wp-content\/uploads\/2016\/08\/jplanels.png 323w\" sizes=\"(max-width: 265px) 100vw, 265px\" \/><\/td>\n<td align=\"justify\"><b>Juan Planells<\/b>&nbsp;<\/p>\n<p>Es ingeniero, docente universitario, investigador, posee amplia experiencia en administraci\u00f3n y gesti\u00f3n de empresas privadas y entidades p\u00fablicas. <a href=\"\/wp-content\/cv-data\/curriculum_juan_planells.png\" rel=\"lightbox[juan_planells]\">[Leer m\u00e1s]<\/a><\/p>\n<p>&nbsp;<\/td>\n<\/tr>\n<\/tbody>\n<\/table><\/div>\n<div id='eillueca' class='tab-pane fade in'>\n<table border=\"0\" width=\"100%\">\n<tbody>\n<tr>\n<td align=\"center\" valign=\"top\"><img decoding=\"async\" class=\"alignnone size-medium wp-image-225\" src=\"http:\/\/comision20dediciembrede1989.org.pa\/wp-content\/uploads\/2016\/08\/enrique_illueca-254x300.png\" alt=\"enrique_illueca\" width=\"254\" height=\"300\" srcset=\"https:\/\/comision20dediciembrede1989.org.pa\/wp-content\/uploads\/2016\/08\/enrique_illueca-254x300.png 254w, https:\/\/comision20dediciembrede1989.org.pa\/wp-content\/uploads\/2016\/08\/enrique_illueca.png 323w\" sizes=\"(max-width: 254px) 100vw, 254px\" \/><\/td>\n<td align=\"justify\"><b>Enrique Illueca<\/b>&nbsp;<\/p>\n<p>Es abogado y profesor de Derecho Internacional, investigador jur\u00eddico, autor de textos jur\u00eddicos, empresario y activista social. <a href=\"\/wp-content\/cv-data\/curriculum_enrique_illueca.png\" rel=\"lightbox[enrique_illueca]\">Leer m\u00e1s<\/a><\/p>\n<p>&nbsp;<\/td>\n<\/tr>\n<\/tbody>\n<\/table><\/div>\n<div id='mjaen' class='tab-pane fade in'>\n<table border=\"0\" width=\"100%\">\n<tbody>\n<tr>\n<td align=\"center\" valign=\"top\"><img loading=\"lazy\" decoding=\"async\" class=\"alignnone size-full wp-image-217\" src=\"http:\/\/comision20dediciembrede1989.org.pa\/wp-content\/uploads\/2016\/08\/Lidia_Jaen.png\" alt=\"Lidia_Jaen\" width=\"343\" height=\"354\" \/><\/td>\n<td align=\"justify\"><b>Maribel Ja\u00e9n<\/b>&nbsp;<\/p>\n<p>Es soci\u00f3loga, investigadora, autora de textos anal\u00edticos con amplia experiencia sobre derecho pol\u00edtico, derechos de la ni\u00f1ez y coordinadora de redes de organizaciones sociales. <a href=\"\/wp-content\/cv-data\/curriculum_maribel_jaen_p1.png\" rel=\"lightbox[maribel_jaen]\">Leer m\u00e1s<\/a><\/p>\n<p>&nbsp;<\/td>\n<\/tr>\n<\/tbody>\n<\/table><\/div>\n<div id='sjaramillo' class='tab-pane fade in'>\n<table border=\"0\" width=\"100%\">\n<tbody>\n<tr>\n<td align=\"center\" valign=\"top\"><img loading=\"lazy\" decoding=\"async\" class=\"alignnone size-medium wp-image-227\" src=\"http:\/\/comision20dediciembrede1989.org.pa\/wp-content\/uploads\/2016\/08\/svetlana_j-227x300.png\" alt=\"svetlana_j\" width=\"227\" height=\"300\" srcset=\"https:\/\/comision20dediciembrede1989.org.pa\/wp-content\/uploads\/2016\/08\/svetlana_j-227x300.png 227w, https:\/\/comision20dediciembrede1989.org.pa\/wp-content\/uploads\/2016\/08\/svetlana_j.png 323w\" sizes=\"(max-width: 227px) 100vw, 227px\" \/><\/td>\n<td align=\"justify\"><b>Svetlana Jaramillo<\/b>&nbsp;<\/p>\n<p>Es abogada, especialista en Derecho Penal y Ciencia Pol\u00edtica, es docente universitaria, investigadora, autora de textos anal\u00edticos de temas de Derecho Constitucional y Ciencia Pol\u00edtica. <a href=\"\/wp-content\/cv-data\/curriculum_svetlana_jaramillo_p1.png\" rel=\"lightbox[svetlana_jaramillo]\">Leer m\u00e1s<\/a><\/p>\n<p>&nbsp;<\/td>\n<\/tr>\n<\/tbody>\n<\/table><\/div>\n<div id='rmurgas' class='tab-pane fade in'>\n<table border=\"0\" width=\"100%\">\n<tbody>\n<tr>\n<td align=\"center\" valign=\"top\"><img loading=\"lazy\" decoding=\"async\" class=\"alignnone size-medium wp-image-262\" src=\"http:\/\/comision20dediciembrede1989.org.pa\/wp-content\/uploads\/2016\/08\/rolando_murgas-297x300.png\" alt=\"rolando_murgas\" width=\"323\" height=\"300\" \/><\/td>\n<td align=\"justify\"><b>Rolando Murgas<\/b>&nbsp;<\/p>\n<p>Es abogado, especialista en Derecho del Trabajo, docente universitario, autor de textos jur\u00eddicos, consultor internacional, promotor del di\u00e1logo social, miembro de la comisi\u00f3n redactora del C\u00f3digo de Trabajo de la Rep\u00fablica de Panam\u00e1. <a href=\"\/wp-content\/cv-data\/curriculum_rolando_murgas.png\" rel=\"lightbox[rolando_murgas]\">Leer m\u00e1s<\/a><\/p>\n<p>&nbsp;<\/td>\n<\/tr>\n<\/tbody>\n<\/table><\/div>\n<\/div>\n","protected":false},"excerpt":{"rendered":"<p>Regresar al Inicio La Comisi\u00f3n 20 de diciembre de 1989 es un grupo representativo de paname\u00f1os integrado por ciudadanos reconocidos por la constancia de sus trayectorias en diferentes sectores de la actividad nacional, acad\u00e9mica, empresarial y profesional, quienes comparten el haber trabajado por a\u00f1os por el reconocimiento y la promoci\u00f3n de los derechos humanos. &nbsp; &nbsp;Juan Planells&nbsp; &nbsp;Enrique Illueca&nbsp; &nbsp;Maribel Ja\u00e9n&nbsp; &nbsp;Svetlana Jaramillo&nbsp; &nbsp;Rolando Murgas&nbsp; Juan Planells&nbsp; Es ingeniero, docente universitario, investigador, posee amplia experiencia en administraci\u00f3n y gesti\u00f3n de empresas privadas y entidades p\u00fablicas. [Leer m\u00e1s] &nbsp; Enrique Illueca&nbsp; Es abogado y profesor de Derecho Internacional, investigador jur\u00eddico, autor de textos jur\u00eddicos, empresario y activista social. Leer m\u00e1s &nbsp; Maribel Ja\u00e9n&nbsp; Es soci\u00f3loga, investigadora, autora de textos anal\u00edticos con amplia experiencia sobre derecho pol\u00edtico, derechos de la ni\u00f1ez y coordinadora de redes de organizaciones sociales. Leer m\u00e1s &nbsp; Svetlana Jaramillo&nbsp; Es abogada, especialista en Derecho Penal y Ciencia Pol\u00edtica, es docente universitaria, investigadora, autora de textos anal\u00edticos de temas de Derecho Constitucional y Ciencia Pol\u00edtica. Leer m\u00e1s &nbsp; Rolando Murgas&nbsp; Es abogado, especialista en Derecho del Trabajo, docente universitario, autor de textos jur\u00eddicos, consultor internacional, promotor del di\u00e1logo social, miembro de la comisi\u00f3n redactora del C\u00f3digo de Trabajo de la Rep\u00fablica de Panam\u00e1. Leer m\u00e1s &nbsp;<\/p>\n","protected":false},"author":7,"featured_media":0,"parent":0,"menu_order":0,"comment_status":"closed","ping_status":"closed","template":"","meta":{"footnotes":""},"class_list":["post-176","page","type-page","status-publish","hentry"],"yoast_head":"<!-- This site is optimized with the Yoast SEO plugin v27.6 - https:\/\/yoast.com\/product\/yoast-seo-wordpress\/ -->\n<title>Qui\u00e9nes Somos - Comision 20 de diciembre<\/title>\n<meta name=\"robots\" content=\"index, follow, max-snippet:-1, max-image-preview:large, max-video-preview:-1\" \/>\n<link rel=\"canonical\" href=\"https:\/\/comision20dediciembrede1989.org.pa\/index.php\/quienes-somos\/\" \/>\n<meta property=\"og:locale\" content=\"es_ES\" \/>\n<meta property=\"og:type\" content=\"article\" \/>\n<meta property=\"og:title\" content=\"Qui\u00e9nes Somos - Comision 20 de diciembre\" \/>\n<meta property=\"og:description\" content=\"Regresar al Inicio La Comisi\u00f3n 20 de diciembre de 1989 es un grupo representativo de paname\u00f1os integrado por ciudadanos reconocidos por la constancia de sus trayectorias en diferentes sectores de la actividad nacional, acad\u00e9mica, empresarial y profesional, quienes comparten el haber trabajado por a\u00f1os por el reconocimiento y la promoci\u00f3n de los derechos humanos. &nbsp; &nbsp;Juan Planells&nbsp; &nbsp;Enrique Illueca&nbsp; &nbsp;Maribel Ja\u00e9n&nbsp; &nbsp;Svetlana Jaramillo&nbsp; &nbsp;Rolando Murgas&nbsp; Juan Planells&nbsp; Es ingeniero, docente universitario, investigador, posee amplia experiencia en administraci\u00f3n y gesti\u00f3n de empresas privadas y entidades p\u00fablicas. [Leer m\u00e1s] &nbsp; Enrique Illueca&nbsp; Es abogado y profesor de Derecho Internacional, investigador jur\u00eddico, autor de textos jur\u00eddicos, empresario y activista social. Leer m\u00e1s &nbsp; Maribel Ja\u00e9n&nbsp; Es soci\u00f3loga, investigadora, autora de textos anal\u00edticos con amplia experiencia sobre derecho pol\u00edtico, derechos de la ni\u00f1ez y coordinadora de redes de organizaciones sociales. Leer m\u00e1s &nbsp; Svetlana Jaramillo&nbsp; Es abogada, especialista en Derecho Penal y Ciencia Pol\u00edtica, es docente universitaria, investigadora, autora de textos anal\u00edticos de temas de Derecho Constitucional y Ciencia Pol\u00edtica. Leer m\u00e1s &nbsp; Rolando Murgas&nbsp; Es abogado, especialista en Derecho del Trabajo, docente universitario, autor de textos jur\u00eddicos, consultor internacional, promotor del di\u00e1logo social, miembro de la comisi\u00f3n redactora del C\u00f3digo de Trabajo de la Rep\u00fablica de Panam\u00e1. Leer m\u00e1s &nbsp;\" \/>\n<meta property=\"og:url\" content=\"https:\/\/comision20dediciembrede1989.org.pa\/index.php\/quienes-somos\/\" \/>\n<meta property=\"og:site_name\" content=\"Comision 20 de diciembre\" \/>\n<meta property=\"article:modified_time\" content=\"2022-06-28T19:18:39+00:00\" \/>\n<meta property=\"og:image\" content=\"http:\/\/comision20dediciembrede1989.org.pa\/wp-content\/uploads\/2016\/08\/wm_254685_800x600_crop_579044302d4f3.png\" \/>\n<meta name=\"twitter:card\" content=\"summary_large_image\" \/>\n<meta name=\"twitter:label1\" content=\"Tiempo de lectura\" \/>\n\t<meta name=\"twitter:data1\" content=\"1 minuto\" \/>\n<script type=\"application\/ld+json\" class=\"yoast-schema-graph\">{\"@context\":\"https:\\\/\\\/schema.org\",\"@graph\":[{\"@type\":\"WebPage\",\"@id\":\"https:\\\/\\\/comision20dediciembrede1989.org.pa\\\/index.php\\\/quienes-somos\\\/\",\"url\":\"https:\\\/\\\/comision20dediciembrede1989.org.pa\\\/index.php\\\/quienes-somos\\\/\",\"name\":\"Qui\u00e9nes Somos - Comision 20 de diciembre\",\"isPartOf\":{\"@id\":\"https:\\\/\\\/comision20dediciembrede1989.org.pa\\\/#website\"},\"primaryImageOfPage\":{\"@id\":\"https:\\\/\\\/comision20dediciembrede1989.org.pa\\\/index.php\\\/quienes-somos\\\/#primaryimage\"},\"image\":{\"@id\":\"https:\\\/\\\/comision20dediciembrede1989.org.pa\\\/index.php\\\/quienes-somos\\\/#primaryimage\"},\"thumbnailUrl\":\"http:\\\/\\\/comision20dediciembrede1989.org.pa\\\/wp-content\\\/uploads\\\/2016\\\/08\\\/wm_254685_800x600_crop_579044302d4f3.png\",\"datePublished\":\"2016-08-23T23:03:26+00:00\",\"dateModified\":\"2022-06-28T19:18:39+00:00\",\"breadcrumb\":{\"@id\":\"https:\\\/\\\/comision20dediciembrede1989.org.pa\\\/index.php\\\/quienes-somos\\\/#breadcrumb\"},\"inLanguage\":\"es\",\"potentialAction\":[{\"@type\":\"ReadAction\",\"target\":[\"https:\\\/\\\/comision20dediciembrede1989.org.pa\\\/index.php\\\/quienes-somos\\\/\"]}]},{\"@type\":\"ImageObject\",\"inLanguage\":\"es\",\"@id\":\"https:\\\/\\\/comision20dediciembrede1989.org.pa\\\/index.php\\\/quienes-somos\\\/#primaryimage\",\"url\":\"http:\\\/\\\/comision20dediciembrede1989.org.pa\\\/wp-content\\\/uploads\\\/2016\\\/08\\\/wm_254685_800x600_crop_579044302d4f3.png\",\"contentUrl\":\"http:\\\/\\\/comision20dediciembrede1989.org.pa\\\/wp-content\\\/uploads\\\/2016\\\/08\\\/wm_254685_800x600_crop_579044302d4f3.png\"},{\"@type\":\"BreadcrumbList\",\"@id\":\"https:\\\/\\\/comision20dediciembrede1989.org.pa\\\/index.php\\\/quienes-somos\\\/#breadcrumb\",\"itemListElement\":[{\"@type\":\"ListItem\",\"position\":1,\"name\":\"Portada\",\"item\":\"https:\\\/\\\/comision20dediciembrede1989.org.pa\\\/\"},{\"@type\":\"ListItem\",\"position\":2,\"name\":\"Qui\u00e9nes Somos\"}]},{\"@type\":\"WebSite\",\"@id\":\"https:\\\/\\\/comision20dediciembrede1989.org.pa\\\/#website\",\"url\":\"https:\\\/\\\/comision20dediciembrede1989.org.pa\\\/\",\"name\":\"Comision 20 de diciembre\",\"description\":\"Por la Verdad, la Memoria y la Justicia\",\"potentialAction\":[{\"@type\":\"SearchAction\",\"target\":{\"@type\":\"EntryPoint\",\"urlTemplate\":\"https:\\\/\\\/comision20dediciembrede1989.org.pa\\\/?s={search_term_string}\"},\"query-input\":{\"@type\":\"PropertyValueSpecification\",\"valueRequired\":true,\"valueName\":\"search_term_string\"}}],\"inLanguage\":\"es\"}]}<\/script>\n<!-- \/ Yoast SEO plugin. -->","yoast_head_json":{"title":"Qui\u00e9nes Somos - Comision 20 de diciembre","robots":{"index":"index","follow":"follow","max-snippet":"max-snippet:-1","max-image-preview":"max-image-preview:large","max-video-preview":"max-video-preview:-1"},"canonical":"https:\/\/comision20dediciembrede1989.org.pa\/index.php\/quienes-somos\/","og_locale":"es_ES","og_type":"article","og_title":"Qui\u00e9nes Somos - Comision 20 de diciembre","og_description":"Regresar al Inicio La Comisi\u00f3n 20 de diciembre de 1989 es un grupo representativo de paname\u00f1os integrado por ciudadanos reconocidos por la constancia de sus trayectorias en diferentes sectores de la actividad nacional, acad\u00e9mica, empresarial y profesional, quienes comparten el haber trabajado por a\u00f1os por el reconocimiento y la promoci\u00f3n de los derechos humanos. &nbsp; &nbsp;Juan Planells&nbsp; &nbsp;Enrique Illueca&nbsp; &nbsp;Maribel Ja\u00e9n&nbsp; &nbsp;Svetlana Jaramillo&nbsp; &nbsp;Rolando Murgas&nbsp; Juan Planells&nbsp; Es ingeniero, docente universitario, investigador, posee amplia experiencia en administraci\u00f3n y gesti\u00f3n de empresas privadas y entidades p\u00fablicas. [Leer m\u00e1s] &nbsp; Enrique Illueca&nbsp; Es abogado y profesor de Derecho Internacional, investigador jur\u00eddico, autor de textos jur\u00eddicos, empresario y activista social. Leer m\u00e1s &nbsp; Maribel Ja\u00e9n&nbsp; Es soci\u00f3loga, investigadora, autora de textos anal\u00edticos con amplia experiencia sobre derecho pol\u00edtico, derechos de la ni\u00f1ez y coordinadora de redes de organizaciones sociales. Leer m\u00e1s &nbsp; Svetlana Jaramillo&nbsp; Es abogada, especialista en Derecho Penal y Ciencia Pol\u00edtica, es docente universitaria, investigadora, autora de textos anal\u00edticos de temas de Derecho Constitucional y Ciencia Pol\u00edtica. Leer m\u00e1s &nbsp; Rolando Murgas&nbsp; Es abogado, especialista en Derecho del Trabajo, docente universitario, autor de textos jur\u00eddicos, consultor internacional, promotor del di\u00e1logo social, miembro de la comisi\u00f3n redactora del C\u00f3digo de Trabajo de la Rep\u00fablica de Panam\u00e1. Leer m\u00e1s &nbsp;","og_url":"https:\/\/comision20dediciembrede1989.org.pa\/index.php\/quienes-somos\/","og_site_name":"Comision 20 de diciembre","article_modified_time":"2022-06-28T19:18:39+00:00","og_image":[{"url":"http:\/\/comision20dediciembrede1989.org.pa\/wp-content\/uploads\/2016\/08\/wm_254685_800x600_crop_579044302d4f3.png","type":"","width":"","height":""}],"twitter_card":"summary_large_image","twitter_misc":{"Tiempo de lectura":"1 minuto"},"schema":{"@context":"https:\/\/schema.org","@graph":[{"@type":"WebPage","@id":"https:\/\/comision20dediciembrede1989.org.pa\/index.php\/quienes-somos\/","url":"https:\/\/comision20dediciembrede1989.org.pa\/index.php\/quienes-somos\/","name":"Qui\u00e9nes Somos - Comision 20 de diciembre","isPartOf":{"@id":"https:\/\/comision20dediciembrede1989.org.pa\/#website"},"primaryImageOfPage":{"@id":"https:\/\/comision20dediciembrede1989.org.pa\/index.php\/quienes-somos\/#primaryimage"},"image":{"@id":"https:\/\/comision20dediciembrede1989.org.pa\/index.php\/quienes-somos\/#primaryimage"},"thumbnailUrl":"http:\/\/comision20dediciembrede1989.org.pa\/wp-content\/uploads\/2016\/08\/wm_254685_800x600_crop_579044302d4f3.png","datePublished":"2016-08-23T23:03:26+00:00","dateModified":"2022-06-28T19:18:39+00:00","breadcrumb":{"@id":"https:\/\/comision20dediciembrede1989.org.pa\/index.php\/quienes-somos\/#breadcrumb"},"inLanguage":"es","potentialAction":[{"@type":"ReadAction","target":["https:\/\/comision20dediciembrede1989.org.pa\/index.php\/quienes-somos\/"]}]},{"@type":"ImageObject","inLanguage":"es","@id":"https:\/\/comision20dediciembrede1989.org.pa\/index.php\/quienes-somos\/#primaryimage","url":"http:\/\/comision20dediciembrede1989.org.pa\/wp-content\/uploads\/2016\/08\/wm_254685_800x600_crop_579044302d4f3.png","contentUrl":"http:\/\/comision20dediciembrede1989.org.pa\/wp-content\/uploads\/2016\/08\/wm_254685_800x600_crop_579044302d4f3.png"},{"@type":"BreadcrumbList","@id":"https:\/\/comision20dediciembrede1989.org.pa\/index.php\/quienes-somos\/#breadcrumb","itemListElement":[{"@type":"ListItem","position":1,"name":"Portada","item":"https:\/\/comision20dediciembrede1989.org.pa\/"},{"@type":"ListItem","position":2,"name":"Qui\u00e9nes Somos"}]},{"@type":"WebSite","@id":"https:\/\/comision20dediciembrede1989.org.pa\/#website","url":"https:\/\/comision20dediciembrede1989.org.pa\/","name":"Comision 20 de diciembre","description":"Por la Verdad, la Memoria y la Justicia","potentialAction":[{"@type":"SearchAction","target":{"@type":"EntryPoint","urlTemplate":"https:\/\/comision20dediciembrede1989.org.pa\/?s={search_term_string}"},"query-input":{"@type":"PropertyValueSpecification","valueRequired":true,"valueName":"search_term_string"}}],"inLanguage":"es"}]}},"_links":{"self":[{"href":"https:\/\/comision20dediciembrede1989.org.pa\/index.php\/wp-json\/wp\/v2\/pages\/176","targetHints":{"allow":["GET"]}}],"collection":[{"href":"https:\/\/comision20dediciembrede1989.org.pa\/index.php\/wp-json\/wp\/v2\/pages"}],"about":[{"href":"https:\/\/comision20dediciembrede1989.org.pa\/index.php\/wp-json\/wp\/v2\/types\/page"}],"author":[{"embeddable":true,"href":"https:\/\/comision20dediciembrede1989.org.pa\/index.php\/wp-json\/wp\/v2\/users\/7"}],"replies":[{"embeddable":true,"href":"https:\/\/comision20dediciembrede1989.org.pa\/index.php\/wp-json\/wp\/v2\/comments?post=176"}],"version-history":[{"count":67,"href":"https:\/\/comision20dediciembrede1989.org.pa\/index.php\/wp-json\/wp\/v2\/pages\/176\/revisions"}],"predecessor-version":[{"id":413,"href":"https:\/\/comision20dediciembrede1989.org.pa\/index.php\/wp-json\/wp\/v2\/pages\/176\/revisions\/413"}],"wp:attachment":[{"href":"https:\/\/comision20dediciembrede1989.org.pa\/index.php\/wp-json\/wp\/v2\/media?parent=176"}],"curies":[{"name":"wp","href":"https:\/\/api.w.org\/{rel}","templated":true}]}}